{"id":10512,"date":"2025-06-19T14:57:52","date_gmt":"2025-06-19T11:57:52","guid":{"rendered":"https:\/\/vilmajaa.fi\/?page_id=10512"},"modified":"2026-02-05T12:53:50","modified_gmt":"2026-02-05T09:53:50","slug":"esittelytekstit","status":"publish","type":"page","link":"https:\/\/vilmajaa.fi\/en\/esittelytekstit\/","title":{"rendered":"Bios"},"content":{"rendered":"<div data-elementor-type=\"wp-page\" data-elementor-id=\"10512\" class=\"elementor elementor-10512\" data-elementor-post-type=\"page\">\n\t\t\t\t<div class=\"elementor-element elementor-element-05f64dc e-flex e-con-boxed e-con e-parent\" data-id=\"05f64dc\" data-element_type=\"container\" data-e-type=\"container\" data-settings=\"{&quot;_ob_use_container_extras&quot;:&quot;no&quot;,&quot;_ob_column_hoveranimator&quot;:&quot;no&quot;,&quot;_ob_glider_is_slider&quot;:&quot;no&quot;,&quot;_ob_column_has_pseudo&quot;:&quot;no&quot;}\">\n\t\t\t\t\t<div class=\"e-con-inner\">\n\t\t<div class=\"elementor-element elementor-element-468b9f2 e-con-full e-flex e-con e-child\" data-id=\"468b9f2\" data-element_type=\"container\" data-e-type=\"container\" data-settings=\"{&quot;_ob_use_container_extras&quot;:&quot;no&quot;,&quot;_ob_column_hoveranimator&quot;:&quot;no&quot;,&quot;_ob_glider_is_slider&quot;:&quot;no&quot;,&quot;_ob_column_has_pseudo&quot;:&quot;no&quot;}\">\n\t\t<div class=\"elementor-element elementor-element-336e0f9 e-con-full e-flex e-con e-child\" data-id=\"336e0f9\" data-element_type=\"container\" data-e-type=\"container\" data-settings=\"{&quot;_ob_use_container_extras&quot;:&quot;no&quot;,&quot;_ob_column_hoveranimator&quot;:&quot;no&quot;,&quot;_ob_glider_is_slider&quot;:&quot;no&quot;,&quot;_ob_column_has_pseudo&quot;:&quot;no&quot;}\">\n\t\t\t\t<div class=\"elementor-element elementor-element-99fac91 animated-slow ob-harakiri-inherit elementor-invisible ob-has-background-overlay elementor-widget elementor-widget-heading\" data-id=\"99fac91\" data-element_type=\"widget\" data-e-type=\"widget\" data-settings=\"{&quot;_animation&quot;:&quot;fadeIn&quot;,&quot;_ob_use_harakiri&quot;:&quot;yes&quot;,&quot;_ob_harakiri_writing_mode&quot;:&quot;inherit&quot;,&quot;_ob_harakiri_text_clip&quot;:&quot;none&quot;,&quot;_ob_widget_stalker_use&quot;:&quot;no&quot;,&quot;_ob_poopart_use&quot;:&quot;yes&quot;,&quot;_ob_shadough_use&quot;:&quot;no&quot;,&quot;_ob_allow_hoveranimator&quot;:&quot;no&quot;}\" data-widget_type=\"heading.default\">\n\t\t\t\t<div class=\"elementor-widget-container\">\n\t\t\t\t\t<h1 class=\"elementor-heading-title elementor-size-default\">Bios<\/h1>\t\t\t\t<\/div>\n\t\t\t\t<\/div>\n\t\t<div class=\"elementor-element elementor-element-7260839 e-con-full e-flex e-con e-child\" data-id=\"7260839\" data-element_type=\"container\" data-e-type=\"container\" data-settings=\"{&quot;_ob_use_container_extras&quot;:&quot;no&quot;,&quot;_ob_column_hoveranimator&quot;:&quot;no&quot;,&quot;_ob_glider_is_slider&quot;:&quot;no&quot;,&quot;_ob_column_has_pseudo&quot;:&quot;no&quot;}\">\n\t\t<div class=\"elementor-element elementor-element-bebd22a e-con-full e-flex elementor-invisible e-con e-child\" data-id=\"bebd22a\" data-element_type=\"container\" data-e-type=\"container\" data-settings=\"{&quot;animation&quot;:&quot;fadeIn&quot;,&quot;animation_delay&quot;:600,&quot;_ob_use_container_extras&quot;:&quot;no&quot;,&quot;_ob_column_hoveranimator&quot;:&quot;no&quot;,&quot;_ob_glider_is_slider&quot;:&quot;no&quot;,&quot;_ob_column_has_pseudo&quot;:&quot;no&quot;}\">\n\t\t\t\t<div class=\"elementor-element elementor-element-39b5a1e ob-harakiri-inherit ob-has-background-overlay elementor-widget elementor-widget-heading\" data-id=\"39b5a1e\" data-element_type=\"widget\" data-e-type=\"widget\" data-settings=\"{&quot;_ob_use_harakiri&quot;:&quot;yes&quot;,&quot;_ob_harakiri_writing_mode&quot;:&quot;inherit&quot;,&quot;_ob_harakiri_text_clip&quot;:&quot;none&quot;,&quot;_ob_widget_stalker_use&quot;:&quot;no&quot;,&quot;_ob_poopart_use&quot;:&quot;yes&quot;,&quot;_ob_shadough_use&quot;:&quot;no&quot;,&quot;_ob_allow_hoveranimator&quot;:&quot;no&quot;}\" data-widget_type=\"heading.default\">\n\t\t\t\t<div class=\"elementor-widget-container\">\n\t\t\t\t\t<h3 class=\"elementor-heading-title elementor-size-default\">Bio 1<\/h3>\t\t\t\t<\/div>\n\t\t\t\t<\/div>\n\t\t\t\t<div class=\"elementor-element elementor-element-1f6bfd3 ob-harakiri-inherit ob-has-background-overlay elementor-widget elementor-widget-text-editor\" data-id=\"1f6bfd3\" data-element_type=\"widget\" data-e-type=\"widget\" data-settings=\"{&quot;_ob_use_harakiri&quot;:&quot;yes&quot;,&quot;_ob_harakiri_writing_mode&quot;:&quot;inherit&quot;,&quot;_ob_postman_use&quot;:&quot;no&quot;,&quot;_ob_widget_stalker_use&quot;:&quot;no&quot;,&quot;_ob_poopart_use&quot;:&quot;yes&quot;,&quot;_ob_shadough_use&quot;:&quot;no&quot;,&quot;_ob_allow_hoveranimator&quot;:&quot;no&quot;}\" data-widget_type=\"text-editor.default\">\n\t\t\t\t<div class=\"elementor-widget-container\">\n\t\t\t\t\t\t\t\t\t<p><span style=\"font-weight: 400;\">Ethno-pop artist Vilma J\u00e4\u00e4 is a fierce force, bringing folk music into the mainstream by merging tradition with pop. Vilma J\u00e4\u00e4 tells centuries-old stories and blends traditional folk instruments with synthetic beats as Finno-Ugric traditions flirt with pop aesthetics.\u00a0<\/span><\/p><p>\u00a0<\/p><p><span style=\"font-weight: 400;\">Vilma J\u00e4\u00e4 is a singer, composer, fiddler, and researcher who works across folk music, pop, and opera and holds a Master of Music degree. J\u00e4\u00e4\u2019s role as a folk singer in Kaija Saariaho\u2019s opera <em>Innocence<\/em>received international acclaim after its premiere in July 2021. In 2024, J\u00e4\u00e4's debut album <em>Kosto<\/em> won the Ethno Album of the Year award at the 'Finnish Grammys' Emma Gala and the Folk Music Album of the Year award at the El\u00e4k\u00f6\u00f6n FOLK! Gala and was nominated for the Teosto Award. Selected for music media YleX's Breakthrough 2023 list, <em>Vilma J\u00e4\u00e4\u2019s<\/em> singles <em>Saatanan saalistaja (Fucking Predator)<\/em> and <em>Humalahullu (The Raving Drunk)<\/em> featured on the YleX playlist, while <em>J\u00e4inen neiti (Icy Maiden)<\/em> was added to the Radio Suomi playlist. In 2022, a panel of music experts ranked <em>Saatanan saalistaja (Fucking Predator)<\/em> among the top 100 global songs in a survey by Finland's leading newspaper Helsingin Sanomat. The first single <em>Huutaa<\/em> of her upcoming second album was featured on Levyraati\u2014the legendary TV show for new music\u2014in February 2025.\u00a0<\/span><\/p>\t\t\t\t\t\t\t\t<\/div>\n\t\t\t\t<\/div>\n\t\t\t\t<\/div>\n\t\t<div class=\"elementor-element elementor-element-c1ed87c e-con-full e-flex elementor-invisible e-con e-child\" data-id=\"c1ed87c\" data-element_type=\"container\" data-e-type=\"container\" data-settings=\"{&quot;animation&quot;:&quot;fadeIn&quot;,&quot;animation_delay&quot;:0,&quot;_ob_use_container_extras&quot;:&quot;no&quot;,&quot;_ob_column_hoveranimator&quot;:&quot;no&quot;,&quot;_ob_glider_is_slider&quot;:&quot;no&quot;,&quot;_ob_column_has_pseudo&quot;:&quot;no&quot;}\">\n\t\t\t\t<div class=\"elementor-element elementor-element-1ded338 ob-harakiri-inherit ob-has-background-overlay elementor-widget elementor-widget-heading\" data-id=\"1ded338\" data-element_type=\"widget\" data-e-type=\"widget\" data-settings=\"{&quot;_ob_use_harakiri&quot;:&quot;yes&quot;,&quot;_ob_harakiri_writing_mode&quot;:&quot;inherit&quot;,&quot;_ob_harakiri_text_clip&quot;:&quot;none&quot;,&quot;_ob_widget_stalker_use&quot;:&quot;no&quot;,&quot;_ob_poopart_use&quot;:&quot;yes&quot;,&quot;_ob_shadough_use&quot;:&quot;no&quot;,&quot;_ob_allow_hoveranimator&quot;:&quot;no&quot;}\" data-widget_type=\"heading.default\">\n\t\t\t\t<div class=\"elementor-widget-container\">\n\t\t\t\t\t<h3 class=\"elementor-heading-title elementor-size-default\">Bio 2<\/h3>\t\t\t\t<\/div>\n\t\t\t\t<\/div>\n\t\t\t\t<div class=\"elementor-element elementor-element-0c8d81a ob-harakiri-inherit ob-has-background-overlay elementor-widget elementor-widget-text-editor\" data-id=\"0c8d81a\" data-element_type=\"widget\" data-e-type=\"widget\" data-settings=\"{&quot;_ob_use_harakiri&quot;:&quot;yes&quot;,&quot;_ob_harakiri_writing_mode&quot;:&quot;inherit&quot;,&quot;_ob_postman_use&quot;:&quot;no&quot;,&quot;_ob_widget_stalker_use&quot;:&quot;no&quot;,&quot;_ob_poopart_use&quot;:&quot;yes&quot;,&quot;_ob_shadough_use&quot;:&quot;no&quot;,&quot;_ob_allow_hoveranimator&quot;:&quot;no&quot;}\" data-widget_type=\"text-editor.default\">\n\t\t\t\t<div class=\"elementor-widget-container\">\n\t\t\t\t\t\t\t\t\t<p><span style=\"font-weight: 400;\">Vilma J\u00e4\u00e4 is an ethno-pop artist who draws her strength from intense emotions and grand themes. Her music blends folk traditions with pop, where traditional acoustic instruments\u2014from the kantele to the hurdy-gurdy\u2014meld with synthetic beats, as Finno-Ugric singing traditions flirt with pop aesthetics. Vilma J\u00e4\u00e4 gained international recognition when Kaija Saariaho composed a folk singer role for her in the opera <em>Innocence<\/em>Her debut single <em>Saatanan saalistaja (Fucking Predator)<\/em> released in 2021, quickly established her as one of Finland\u2019s most intriguing new artists, and her 2023 album <em>Kosto<\/em>cemented her place at the forefront of Finnish music, winning the Ethno Album of the Year award at the Emma Gala and the Folk Music Album of the Year award at the El\u00e4k\u00f6\u00f6n FOLK! Gala.<\/span><\/p>\t\t\t\t\t\t\t\t<\/div>\n\t\t\t\t<\/div>\n\t\t\t\t<\/div>\n\t\t<div class=\"elementor-element elementor-element-25afd26 e-con-full e-flex elementor-invisible e-con e-child\" data-id=\"25afd26\" data-element_type=\"container\" data-e-type=\"container\" data-settings=\"{&quot;animation&quot;:&quot;fadeIn&quot;,&quot;animation_delay&quot;:0,&quot;_ob_use_container_extras&quot;:&quot;no&quot;,&quot;_ob_column_hoveranimator&quot;:&quot;no&quot;,&quot;_ob_glider_is_slider&quot;:&quot;no&quot;,&quot;_ob_column_has_pseudo&quot;:&quot;no&quot;}\">\n\t\t\t\t<div class=\"elementor-element elementor-element-37925a3 ob-harakiri-inherit ob-has-background-overlay elementor-widget elementor-widget-heading\" data-id=\"37925a3\" data-element_type=\"widget\" data-e-type=\"widget\" data-settings=\"{&quot;_ob_use_harakiri&quot;:&quot;yes&quot;,&quot;_ob_harakiri_writing_mode&quot;:&quot;inherit&quot;,&quot;_ob_harakiri_text_clip&quot;:&quot;none&quot;,&quot;_ob_widget_stalker_use&quot;:&quot;no&quot;,&quot;_ob_poopart_use&quot;:&quot;yes&quot;,&quot;_ob_shadough_use&quot;:&quot;no&quot;,&quot;_ob_allow_hoveranimator&quot;:&quot;no&quot;}\" data-widget_type=\"heading.default\">\n\t\t\t\t<div class=\"elementor-widget-container\">\n\t\t\t\t\t<h3 class=\"elementor-heading-title elementor-size-default\">Bio 3<\/h3>\t\t\t\t<\/div>\n\t\t\t\t<\/div>\n\t\t\t\t<div class=\"elementor-element elementor-element-211d2e6 ob-harakiri-inherit ob-has-background-overlay elementor-widget elementor-widget-text-editor\" data-id=\"211d2e6\" data-element_type=\"widget\" data-e-type=\"widget\" data-settings=\"{&quot;_ob_use_harakiri&quot;:&quot;yes&quot;,&quot;_ob_harakiri_writing_mode&quot;:&quot;inherit&quot;,&quot;_ob_postman_use&quot;:&quot;no&quot;,&quot;_ob_widget_stalker_use&quot;:&quot;no&quot;,&quot;_ob_poopart_use&quot;:&quot;yes&quot;,&quot;_ob_shadough_use&quot;:&quot;no&quot;,&quot;_ob_allow_hoveranimator&quot;:&quot;no&quot;}\" data-widget_type=\"text-editor.default\">\n\t\t\t\t<div class=\"elementor-widget-container\">\n\t\t\t\t\t\t\t\t\t<p><span style=\"font-weight: 400;\">In Vilma J\u00e4\u00e4\u2019s ethno-pop music, acoustic and electronic sounds intertwine, blending traditional folk instruments with synthetic beats. Her 2023 album <em>Kosto<\/em>fuses Finno-Ugric singing traditions with pop aesthetics and won the Ethno Album of the Year award at the Emma Gala and the Folk Music Album of the Year award at the El\u00e4k\u00f6\u00f6n FOLK! Gala.<\/span><\/p>\t\t\t\t\t\t\t\t<\/div>\n\t\t\t\t<\/div>\n\t\t\t\t<\/div>\n\t\t\t\t<\/div>\n\t\t\t\t<\/div>\n\t\t\t\t<\/div>\n\t\t\t\t\t<\/div>\n\t\t\t\t<\/div>\n\t\t\t\t<\/div>","protected":false},"excerpt":{"rendered":"<p>Esittelytekstit Teksti 1 Etnopopartisti Vilma J\u00e4\u00e4 on rohkea \u00e4\u00e4ni, joka tuo kansanmusiikin valtavirtaan, sulauttaen perinteen poppiin. Vilma J\u00e4\u00e4 yhdist\u00e4\u00e4 kansanmusiikille tyypillisi\u00e4 soittimia synteettisesti tuotettuihin biitteihin suomalais-ugrilaisen lauluperinteen flirttaillessa pop-estetiikan kanssa.\u00a0 \u00a0 Vilma J\u00e4\u00e4 on kansanmusiikin, popin ja oopperan kentill\u00e4 toimiva laulaja, s\u00e4velt\u00e4j\u00e4, viulisti, tutkija ja musiikin maisteri. Kaija Saariahon J\u00e4\u00e4lle s\u00e4velt\u00e4m\u00e4\u00e4 kansanlaulajan roolia Innocence-oopperassa on [&hellip;]<\/p>\n","protected":false},"author":1,"featured_media":0,"parent":0,"menu_order":0,"comment_status":"closed","ping_status":"closed","template":"","meta":{"inline_featured_image":false,"site-sidebar-layout":"no-sidebar","site-content-layout":"page-builder","ast-site-content-layout":"full-width-container","site-content-style":"default","site-sidebar-style":"default","ast-global-header-display":"","ast-banner-title-visibility":"","ast-main-header-display":"","ast-hfb-above-header-display":"","ast-hfb-below-header-display":"","ast-hfb-mobile-header-display":"","site-post-title":"disabled","ast-breadcrumbs-content":"","ast-featured-img":"disabled","footer-sml-layout":"","ast-disable-related-posts":"","theme-transparent-header-meta":"","adv-header-id-meta":"","stick-header-meta":"","header-above-stick-meta":"","header-main-stick-meta":"","header-below-stick-meta":"","astra-migrate-meta-layouts":"set","ast-page-background-enabled":"default","ast-page-background-meta":{"desktop":{"background-color":"","background-image":"","background-repeat":"repeat","background-position":"center center","background-size":"auto","background-attachment":"scroll","background-type":"","background-media":"","overlay-type":"","overlay-color":"","overlay-opacity":"","overlay-gradient":""},"tablet":{"background-color":"","background-image":"","background-repeat":"repeat","background-position":"center center","background-size":"auto","background-attachment":"scroll","background-type":"","background-media":"","overlay-type":"","overlay-color":"","overlay-opacity":"","overlay-gradient":""},"mobile":{"background-color":"","background-image":"","background-repeat":"repeat","background-position":"center center","background-size":"auto","background-attachment":"scroll","background-type":"","background-media":"","overlay-type":"","overlay-color":"","overlay-opacity":"","overlay-gradient":""}},"ast-content-background-meta":{"desktop":{"background-color":"var(--ast-global-color-5)","background-image":"","background-repeat":"repeat","background-position":"center center","background-size":"auto","background-attachment":"scroll","background-type":"","background-media":"","overlay-type":"","overlay-color":"","overlay-opacity":"","overlay-gradient":""},"tablet":{"background-color":"var(--ast-global-color-5)","background-image":"","background-repeat":"repeat","background-position":"center center","background-size":"auto","background-attachment":"scroll","background-type":"","background-media":"","overlay-type":"","overlay-color":"","overlay-opacity":"","overlay-gradient":""},"mobile":{"background-color":"var(--ast-global-color-5)","background-image":"","background-repeat":"repeat","background-position":"center center","background-size":"auto","background-attachment":"scroll","background-type":"","background-media":"","overlay-type":"","overlay-color":"","overlay-opacity":"","overlay-gradient":""}},"footnotes":""},"class_list":["post-10512","page","type-page","status-publish","hentry"],"yoast_head":"<!-- This site is optimized with the Yoast SEO plugin v27.5 - https:\/\/yoast.com\/product\/yoast-seo-wordpress\/ -->\n<title>Esittelytekstit - VILMA J\u00c4\u00c4<\/title>\n<meta name=\"robots\" content=\"index, follow, max-snippet:-1, max-image-preview:large, max-video-preview:-1\" \/>\n<link rel=\"canonical\" href=\"https:\/\/vilmajaa.fi\/en\/esittelytekstit\/\" \/>\n<meta property=\"og:locale\" content=\"en_US\" \/>\n<meta property=\"og:type\" content=\"article\" \/>\n<meta property=\"og:title\" content=\"Esittelytekstit - VILMA J\u00c4\u00c4\" \/>\n<meta property=\"og:description\" content=\"Esittelytekstit Teksti 1 Etnopopartisti Vilma J\u00e4\u00e4 on rohkea \u00e4\u00e4ni, joka tuo kansanmusiikin valtavirtaan, sulauttaen perinteen poppiin. Vilma J\u00e4\u00e4 yhdist\u00e4\u00e4 kansanmusiikille tyypillisi\u00e4 soittimia synteettisesti tuotettuihin biitteihin suomalais-ugrilaisen lauluperinteen flirttaillessa pop-estetiikan kanssa.\u00a0 \u00a0 Vilma J\u00e4\u00e4 on kansanmusiikin, popin ja oopperan kentill\u00e4 toimiva laulaja, s\u00e4velt\u00e4j\u00e4, viulisti, tutkija ja musiikin maisteri. Kaija Saariahon J\u00e4\u00e4lle s\u00e4velt\u00e4m\u00e4\u00e4 kansanlaulajan roolia Innocence-oopperassa on [&hellip;]\" \/>\n<meta property=\"og:url\" content=\"https:\/\/vilmajaa.fi\/en\/esittelytekstit\/\" \/>\n<meta property=\"og:site_name\" content=\"VILMA J\u00c4\u00c4\" \/>\n<meta property=\"article:modified_time\" content=\"2026-02-05T09:53:50+00:00\" \/>\n<meta name=\"twitter:card\" content=\"summary_large_image\" \/>\n<meta name=\"twitter:label1\" content=\"Est. reading time\" \/>\n\t<meta name=\"twitter:data1\" content=\"2 minutes\" \/>\n<script type=\"application\/ld+json\" class=\"yoast-schema-graph\">{\"@context\":\"https:\\\/\\\/schema.org\",\"@graph\":[{\"@type\":\"WebPage\",\"@id\":\"https:\\\/\\\/vilmajaa.fi\\\/esittelytekstit\\\/\",\"url\":\"https:\\\/\\\/vilmajaa.fi\\\/esittelytekstit\\\/\",\"name\":\"Esittelytekstit - VILMA J\u00c4\u00c4\",\"isPartOf\":{\"@id\":\"https:\\\/\\\/vilmajaa.fi\\\/#website\"},\"datePublished\":\"2025-06-19T11:57:52+00:00\",\"dateModified\":\"2026-02-05T09:53:50+00:00\",\"breadcrumb\":{\"@id\":\"https:\\\/\\\/vilmajaa.fi\\\/esittelytekstit\\\/#breadcrumb\"},\"inLanguage\":\"en-CA\",\"potentialAction\":[{\"@type\":\"ReadAction\",\"target\":[\"https:\\\/\\\/vilmajaa.fi\\\/esittelytekstit\\\/\"]}]},{\"@type\":\"BreadcrumbList\",\"@id\":\"https:\\\/\\\/vilmajaa.fi\\\/esittelytekstit\\\/#breadcrumb\",\"itemListElement\":[{\"@type\":\"ListItem\",\"position\":1,\"name\":\"Home\",\"item\":\"https:\\\/\\\/vilmajaa.fi\\\/\"},{\"@type\":\"ListItem\",\"position\":2,\"name\":\"Esittelytekstit\"}]},{\"@type\":\"WebSite\",\"@id\":\"https:\\\/\\\/vilmajaa.fi\\\/#website\",\"url\":\"https:\\\/\\\/vilmajaa.fi\\\/\",\"name\":\"VILMA J\u00c4\u00c4\",\"description\":\"Musician and Composer\",\"publisher\":{\"@id\":\"https:\\\/\\\/vilmajaa.fi\\\/#organization\"},\"potentialAction\":[{\"@type\":\"SearchAction\",\"target\":{\"@type\":\"EntryPoint\",\"urlTemplate\":\"https:\\\/\\\/vilmajaa.fi\\\/?s={search_term_string}\"},\"query-input\":{\"@type\":\"PropertyValueSpecification\",\"valueRequired\":true,\"valueName\":\"search_term_string\"}}],\"inLanguage\":\"en-CA\"},{\"@type\":\"Organization\",\"@id\":\"https:\\\/\\\/vilmajaa.fi\\\/#organization\",\"name\":\"VILMA J\u00c4\u00c4\",\"url\":\"https:\\\/\\\/vilmajaa.fi\\\/\",\"logo\":{\"@type\":\"ImageObject\",\"inLanguage\":\"en-CA\",\"@id\":\"https:\\\/\\\/vilmajaa.fi\\\/#\\\/schema\\\/logo\\\/image\\\/\",\"url\":\"https:\\\/\\\/vilmajaa.fi\\\/wp-content\\\/uploads\\\/2020\\\/11\\\/Mun-logo-nettisivuille-1.webp\",\"contentUrl\":\"https:\\\/\\\/vilmajaa.fi\\\/wp-content\\\/uploads\\\/2020\\\/11\\\/Mun-logo-nettisivuille-1.webp\",\"width\":313,\"height\":313,\"caption\":\"VILMA J\u00c4\u00c4\"},\"image\":{\"@id\":\"https:\\\/\\\/vilmajaa.fi\\\/#\\\/schema\\\/logo\\\/image\\\/\"}}]}<\/script>\n<!-- \/ Yoast SEO plugin. -->","yoast_head_json":{"title":"Esittelytekstit - VILMA J\u00c4\u00c4","robots":{"index":"index","follow":"follow","max-snippet":"max-snippet:-1","max-image-preview":"max-image-preview:large","max-video-preview":"max-video-preview:-1"},"canonical":"https:\/\/vilmajaa.fi\/en\/esittelytekstit\/","og_locale":"en_US","og_type":"article","og_title":"Esittelytekstit - VILMA J\u00c4\u00c4","og_description":"Esittelytekstit Teksti 1 Etnopopartisti Vilma J\u00e4\u00e4 on rohkea \u00e4\u00e4ni, joka tuo kansanmusiikin valtavirtaan, sulauttaen perinteen poppiin. Vilma J\u00e4\u00e4 yhdist\u00e4\u00e4 kansanmusiikille tyypillisi\u00e4 soittimia synteettisesti tuotettuihin biitteihin suomalais-ugrilaisen lauluperinteen flirttaillessa pop-estetiikan kanssa.\u00a0 \u00a0 Vilma J\u00e4\u00e4 on kansanmusiikin, popin ja oopperan kentill\u00e4 toimiva laulaja, s\u00e4velt\u00e4j\u00e4, viulisti, tutkija ja musiikin maisteri. Kaija Saariahon J\u00e4\u00e4lle s\u00e4velt\u00e4m\u00e4\u00e4 kansanlaulajan roolia Innocence-oopperassa on [&hellip;]","og_url":"https:\/\/vilmajaa.fi\/en\/esittelytekstit\/","og_site_name":"VILMA J\u00c4\u00c4","article_modified_time":"2026-02-05T09:53:50+00:00","twitter_card":"summary_large_image","twitter_misc":{"Est. reading time":"2 minutes"},"schema":{"@context":"https:\/\/schema.org","@graph":[{"@type":"WebPage","@id":"https:\/\/vilmajaa.fi\/esittelytekstit\/","url":"https:\/\/vilmajaa.fi\/esittelytekstit\/","name":"Esittelytekstit - VILMA J\u00c4\u00c4","isPartOf":{"@id":"https:\/\/vilmajaa.fi\/#website"},"datePublished":"2025-06-19T11:57:52+00:00","dateModified":"2026-02-05T09:53:50+00:00","breadcrumb":{"@id":"https:\/\/vilmajaa.fi\/esittelytekstit\/#breadcrumb"},"inLanguage":"en-CA","potentialAction":[{"@type":"ReadAction","target":["https:\/\/vilmajaa.fi\/esittelytekstit\/"]}]},{"@type":"BreadcrumbList","@id":"https:\/\/vilmajaa.fi\/esittelytekstit\/#breadcrumb","itemListElement":[{"@type":"ListItem","position":1,"name":"Home","item":"https:\/\/vilmajaa.fi\/"},{"@type":"ListItem","position":2,"name":"Esittelytekstit"}]},{"@type":"WebSite","@id":"https:\/\/vilmajaa.fi\/#website","url":"https:\/\/vilmajaa.fi\/","name":"VILMA J\u00c4\u00c4","description":"Musician and Composer","publisher":{"@id":"https:\/\/vilmajaa.fi\/#organization"},"potentialAction":[{"@type":"SearchAction","target":{"@type":"EntryPoint","urlTemplate":"https:\/\/vilmajaa.fi\/?s={search_term_string}"},"query-input":{"@type":"PropertyValueSpecification","valueRequired":true,"valueName":"search_term_string"}}],"inLanguage":"en-CA"},{"@type":"Organization","@id":"https:\/\/vilmajaa.fi\/#organization","name":"VILMA J\u00c4\u00c4","url":"https:\/\/vilmajaa.fi\/","logo":{"@type":"ImageObject","inLanguage":"en-CA","@id":"https:\/\/vilmajaa.fi\/#\/schema\/logo\/image\/","url":"https:\/\/vilmajaa.fi\/wp-content\/uploads\/2020\/11\/Mun-logo-nettisivuille-1.webp","contentUrl":"https:\/\/vilmajaa.fi\/wp-content\/uploads\/2020\/11\/Mun-logo-nettisivuille-1.webp","width":313,"height":313,"caption":"VILMA J\u00c4\u00c4"},"image":{"@id":"https:\/\/vilmajaa.fi\/#\/schema\/logo\/image\/"}}]}},"_links":{"self":[{"href":"https:\/\/vilmajaa.fi\/en\/wp-json\/wp\/v2\/pages\/10512","targetHints":{"allow":["GET"]}}],"collection":[{"href":"https:\/\/vilmajaa.fi\/en\/wp-json\/wp\/v2\/pages"}],"about":[{"href":"https:\/\/vilmajaa.fi\/en\/wp-json\/wp\/v2\/types\/page"}],"author":[{"embeddable":true,"href":"https:\/\/vilmajaa.fi\/en\/wp-json\/wp\/v2\/users\/1"}],"replies":[{"embeddable":true,"href":"https:\/\/vilmajaa.fi\/en\/wp-json\/wp\/v2\/comments?post=10512"}],"version-history":[{"count":19,"href":"https:\/\/vilmajaa.fi\/en\/wp-json\/wp\/v2\/pages\/10512\/revisions"}],"predecessor-version":[{"id":10656,"href":"https:\/\/vilmajaa.fi\/en\/wp-json\/wp\/v2\/pages\/10512\/revisions\/10656"}],"wp:attachment":[{"href":"https:\/\/vilmajaa.fi\/en\/wp-json\/wp\/v2\/media?parent=10512"}],"curies":[{"name":"wp","href":"https:\/\/api.w.org\/{rel}","templated":true}]}}