{"id":5892,"date":"2022-08-22T09:21:02","date_gmt":"2022-08-22T09:21:02","guid":{"rendered":"https:\/\/vilmajaa.fi\/?page_id=5892"},"modified":"2024-11-05T17:07:05","modified_gmt":"2024-11-05T14:07:05","slug":"jaine","status":"publish","type":"page","link":"https:\/\/vilmajaa.fi\/en\/jaine\/","title":{"rendered":"J\u00e4ine"},"content":{"rendered":"<div data-elementor-type=\"wp-page\" data-elementor-id=\"5892\" class=\"elementor elementor-5892\" data-elementor-post-type=\"page\">\n\t\t\t\t<div class=\"elementor-element elementor-element-b172d3d e-con-full e-flex e-con e-parent\" data-id=\"b172d3d\" data-element_type=\"container\" data-e-type=\"container\" data-settings=\"{&quot;_ob_use_container_extras&quot;:&quot;no&quot;,&quot;_ob_column_hoveranimator&quot;:&quot;no&quot;,&quot;_ob_glider_is_slider&quot;:&quot;no&quot;,&quot;_ob_column_has_pseudo&quot;:&quot;no&quot;}\">\n\t\t\t\t<div class=\"elementor-element elementor-element-3b725ad ob-harakiri-inherit ob-has-background-overlay elementor-widget elementor-widget-heading\" data-id=\"3b725ad\" data-element_type=\"widget\" data-e-type=\"widget\" data-settings=\"{&quot;_ob_use_harakiri&quot;:&quot;yes&quot;,&quot;_ob_harakiri_writing_mode&quot;:&quot;inherit&quot;,&quot;_ob_harakiri_text_clip&quot;:&quot;none&quot;,&quot;_ob_widget_stalker_use&quot;:&quot;no&quot;,&quot;_ob_poopart_use&quot;:&quot;yes&quot;,&quot;_ob_shadough_use&quot;:&quot;no&quot;,&quot;_ob_allow_hoveranimator&quot;:&quot;no&quot;}\" data-widget_type=\"heading.default\">\n\t\t\t\t<div class=\"elementor-widget-container\">\n\t\t\t\t\t<h2 class=\"elementor-heading-title elementor-size-default\">J\u00e4ine<\/h2>\t\t\t\t<\/div>\n\t\t\t\t<\/div>\n\t\t<div class=\"elementor-element elementor-element-e5498dd e-con-full e-flex e-con e-child\" data-id=\"e5498dd\" data-element_type=\"container\" data-e-type=\"container\" data-settings=\"{&quot;_ob_use_container_extras&quot;:&quot;no&quot;,&quot;_ob_column_hoveranimator&quot;:&quot;no&quot;,&quot;_ob_glider_is_slider&quot;:&quot;no&quot;,&quot;_ob_column_has_pseudo&quot;:&quot;no&quot;}\">\n\t\t<div class=\"elementor-element elementor-element-b923542 e-con-full e-flex e-con e-child\" data-id=\"b923542\" data-element_type=\"container\" data-e-type=\"container\" data-settings=\"{&quot;_ob_use_container_extras&quot;:&quot;no&quot;,&quot;_ob_column_hoveranimator&quot;:&quot;no&quot;,&quot;_ob_glider_is_slider&quot;:&quot;no&quot;,&quot;_ob_column_has_pseudo&quot;:&quot;no&quot;}\">\n\t\t\t\t<div class=\"elementor-element elementor-element-3ce9e4d ob-harakiri-inherit ob-has-background-overlay elementor-widget elementor-widget-text-editor\" data-id=\"3ce9e4d\" data-element_type=\"widget\" data-e-type=\"widget\" data-settings=\"{&quot;_ob_use_harakiri&quot;:&quot;yes&quot;,&quot;_ob_harakiri_writing_mode&quot;:&quot;inherit&quot;,&quot;_ob_postman_use&quot;:&quot;no&quot;,&quot;_ob_widget_stalker_use&quot;:&quot;no&quot;,&quot;_ob_poopart_use&quot;:&quot;yes&quot;,&quot;_ob_shadough_use&quot;:&quot;no&quot;,&quot;_ob_allow_hoveranimator&quot;:&quot;no&quot;}\" data-widget_type=\"text-editor.default\">\n\t\t\t\t<div class=\"elementor-widget-container\">\n\t\t\t\t\t\t\t\t\t<p><b>J\u00e4ine<\/b><span style=\"font-weight: 400;\"> on uuden sukupolven runolauluyhtye, joka muodostuu ammattilaulajista kansanmusiikin sek\u00e4 pop&amp;jazz-musiikin kentilt\u00e4. Perinteiseen inkeril\u00e4iseen yhtyerunolauluun erikoistuneen kansanmuusikko <\/span><b>Vilma J\u00e4\u00e4n<\/b><span style=\"font-weight: 400;\"> perustaman yhtyeen ohjelmisto koostuu J\u00e4\u00e4n perinneinspiroituneista s\u00e4vellyksist\u00e4, joissa laulajien tekninen taituruus p\u00e4\u00e4see loistamaan. Sovitukset ovat yhtyeen yhdess\u00e4 tekemi\u00e4 sek\u00e4 etuk\u00e4teen ett\u00e4 hetkess\u00e4 \u2014 J\u00e4inen upeat harmoniat syntyv\u00e4t heterofoniasta eli improvisoidusta polyfoniasta.<\/span><\/p><p>\u00a0<\/p><p><span style=\"font-weight: 400;\">Members: Vilma J\u00e4\u00e4,  Anne-Mari Pitk\u00e4nen, Laura Maria Rinta and Noora Kauppila<\/span><\/p>\t\t\t\t\t\t\t\t<\/div>\n\t\t\t\t<\/div>\n\t\t\t\t<div class=\"elementor-element elementor-element-91eafc7 ob-harakiri-inherit ob-has-background-overlay elementor-widget elementor-widget-text-editor\" data-id=\"91eafc7\" data-element_type=\"widget\" data-e-type=\"widget\" data-settings=\"{&quot;_ob_use_harakiri&quot;:&quot;yes&quot;,&quot;_ob_harakiri_writing_mode&quot;:&quot;inherit&quot;,&quot;_ob_postman_use&quot;:&quot;no&quot;,&quot;_ob_widget_stalker_use&quot;:&quot;no&quot;,&quot;_ob_poopart_use&quot;:&quot;yes&quot;,&quot;_ob_shadough_use&quot;:&quot;no&quot;,&quot;_ob_allow_hoveranimator&quot;:&quot;no&quot;}\" data-widget_type=\"text-editor.default\">\n\t\t\t\t<div class=\"elementor-widget-container\">\n\t\t\t\t\t\t\t\t\t<p>J\u00e4ine \u2013 Iltapuhteet<\/p>\t\t\t\t\t\t\t\t<\/div>\n\t\t\t\t<\/div>\n\t\t\t\t<div class=\"elementor-element elementor-element-779a489 ob-has-background-overlay elementor-widget elementor-widget-wp-widget-media_audio\" data-id=\"779a489\" data-element_type=\"widget\" data-e-type=\"widget\" data-settings=\"{&quot;_ob_widget_stalker_use&quot;:&quot;no&quot;,&quot;_ob_poopart_use&quot;:&quot;yes&quot;,&quot;_ob_shadough_use&quot;:&quot;no&quot;,&quot;_ob_allow_hoveranimator&quot;:&quot;no&quot;}\" data-widget_type=\"wp-widget-media_audio.default\">\n\t\t\t\t<div class=\"elementor-widget-container\">\n\t\t\t\t\t<audio class=\"wp-audio-shortcode\" id=\"audio-5892-1\" preload=\"none\" style=\"width: 100%;\" controls=\"controls\"><source type=\"audio\/wav\" src=\"https:\/\/vilmajaa.fi\/wp-content\/uploads\/2022\/08\/Iltapuhteet-Ja\u0308ine-15082022.wav?_=1\" \/><source type=\"audio\/wav\" src=\"https:\/\/vilmajaa.fi\/wp-content\/uploads\/2022\/08\/Iltapuhteet-Ja\u0308ine-15082022.wav?_=1\" \/><a href=\"https:\/\/vilmajaa.fi\/wp-content\/uploads\/2022\/08\/Iltapuhteet-Ja\u0308ine-15082022.wav\">https:\/\/vilmajaa.fi\/wp-content\/uploads\/2022\/08\/Iltapuhteet-Ja\u0308ine-15082022.wav<\/a><\/audio>\t\t\t\t<\/div>\n\t\t\t\t<\/div>\n\t\t\t\t<div class=\"elementor-element elementor-element-902695c ob-harakiri-inherit ob-has-background-overlay elementor-widget elementor-widget-text-editor\" data-id=\"902695c\" data-element_type=\"widget\" data-e-type=\"widget\" data-settings=\"{&quot;_ob_use_harakiri&quot;:&quot;yes&quot;,&quot;_ob_harakiri_writing_mode&quot;:&quot;inherit&quot;,&quot;_ob_postman_use&quot;:&quot;no&quot;,&quot;_ob_widget_stalker_use&quot;:&quot;no&quot;,&quot;_ob_poopart_use&quot;:&quot;yes&quot;,&quot;_ob_shadough_use&quot;:&quot;no&quot;,&quot;_ob_allow_hoveranimator&quot;:&quot;no&quot;}\" data-widget_type=\"text-editor.default\">\n\t\t\t\t<div class=\"elementor-widget-container\">\n\t\t\t\t\t\t\t\t\t<p>s\u00e4v. Vilma J\u00e4\u00e4, san. trad.<\/p><p>esilaulajina Erika Hammarberg ja Vilma J\u00e4\u00e4<\/p>\t\t\t\t\t\t\t\t<\/div>\n\t\t\t\t<\/div>\n\t\t\t\t<\/div>\n\t\t<div class=\"elementor-element elementor-element-c86b805 e-con-full e-flex e-con e-child\" data-id=\"c86b805\" data-element_type=\"container\" data-e-type=\"container\" data-settings=\"{&quot;_ob_use_container_extras&quot;:&quot;no&quot;,&quot;_ob_column_hoveranimator&quot;:&quot;no&quot;,&quot;_ob_glider_is_slider&quot;:&quot;no&quot;,&quot;_ob_column_has_pseudo&quot;:&quot;no&quot;}\">\n\t\t\t\t<div class=\"elementor-element elementor-element-aaf45de ob-has-background-overlay elementor-widget elementor-widget-image\" data-id=\"aaf45de\" data-element_type=\"widget\" data-e-type=\"widget\" data-settings=\"{&quot;_ob_photomorph_use&quot;:&quot;no&quot;,&quot;_ob_widget_stalker_use&quot;:&quot;no&quot;,&quot;_ob_poopart_use&quot;:&quot;yes&quot;,&quot;_ob_shadough_use&quot;:&quot;no&quot;,&quot;_ob_allow_hoveranimator&quot;:&quot;no&quot;}\" data-widget_type=\"image.default\">\n\t\t\t\t<div class=\"elementor-widget-container\">\n\t\t\t\t\t\t\t\t\t\t\t\t\t\t\t<img fetchpriority=\"high\" decoding=\"async\" width=\"1024\" height=\"702\" src=\"https:\/\/vilmajaa.fi\/wp-content\/uploads\/2022\/08\/Ja\u0308ine-by-Terri-Lilja-websize-1024x702.jpg\" class=\"attachment-large size-large wp-image-5911\" alt=\"\" srcset=\"https:\/\/vilmajaa.fi\/wp-content\/uploads\/2022\/08\/Ja\u0308ine-by-Terri-Lilja-websize-1024x702.jpg 1024w, https:\/\/vilmajaa.fi\/wp-content\/uploads\/2022\/08\/Ja\u0308ine-by-Terri-Lilja-websize-300x206.jpg 300w, https:\/\/vilmajaa.fi\/wp-content\/uploads\/2022\/08\/Ja\u0308ine-by-Terri-Lilja-websize-768x527.jpg 768w, https:\/\/vilmajaa.fi\/wp-content\/uploads\/2022\/08\/Ja\u0308ine-by-Terri-Lilja-websize-1536x1053.jpg 1536w, https:\/\/vilmajaa.fi\/wp-content\/uploads\/2022\/08\/Ja\u0308ine-by-Terri-Lilja-websize-18x12.jpg 18w, https:\/\/vilmajaa.fi\/wp-content\/uploads\/2022\/08\/Ja\u0308ine-by-Terri-Lilja-websize-24x16.jpg 24w, https:\/\/vilmajaa.fi\/wp-content\/uploads\/2022\/08\/Ja\u0308ine-by-Terri-Lilja-websize-36x25.jpg 36w, https:\/\/vilmajaa.fi\/wp-content\/uploads\/2022\/08\/Ja\u0308ine-by-Terri-Lilja-websize-48x33.jpg 48w, https:\/\/vilmajaa.fi\/wp-content\/uploads\/2022\/08\/Ja\u0308ine-by-Terri-Lilja-websize.jpg 2048w\" sizes=\"(max-width: 1024px) 100vw, 1024px\" \/>\t\t\t\t\t\t\t\t\t\t\t\t\t\t\t<\/div>\n\t\t\t\t<\/div>\n\t\t\t\t<div class=\"elementor-element elementor-element-6f56da1 ob-harakiri-inherit ob-has-background-overlay elementor-widget elementor-widget-text-editor\" data-id=\"6f56da1\" data-element_type=\"widget\" data-e-type=\"widget\" data-settings=\"{&quot;_ob_use_harakiri&quot;:&quot;yes&quot;,&quot;_ob_harakiri_writing_mode&quot;:&quot;inherit&quot;,&quot;_ob_postman_use&quot;:&quot;no&quot;,&quot;_ob_widget_stalker_use&quot;:&quot;no&quot;,&quot;_ob_poopart_use&quot;:&quot;yes&quot;,&quot;_ob_shadough_use&quot;:&quot;no&quot;,&quot;_ob_allow_hoveranimator&quot;:&quot;no&quot;}\" data-widget_type=\"text-editor.default\">\n\t\t\t\t<div class=\"elementor-widget-container\">\n\t\t\t\t\t\t\t\t\t<p>J\u00e4ine: Laura Maria Rinta (vas.), Anne-Mari Pitk\u00e4nen, Vilma J\u00e4\u00e4 ja entinen j\u00e4sen Erika Hammarberg. Kuva: Terri Lilja<\/p>\t\t\t\t\t\t\t\t<\/div>\n\t\t\t\t<\/div>\n\t\t\t\t<\/div>\n\t\t\t\t<\/div>\n\t\t\t\t<\/div>\n\t\t\t\t<\/div>","protected":false},"excerpt":{"rendered":"<p>J\u00e4ine J\u00e4ine on uuden sukupolven runolauluyhtye, joka muodostuu ammattilaulajista kansanmusiikin sek\u00e4 pop&amp;jazz-musiikin kentilt\u00e4. Perinteiseen inkeril\u00e4iseen yhtyerunolauluun erikoistuneen kansanmuusikko Vilma J\u00e4\u00e4n perustaman yhtyeen ohjelmisto koostuu J\u00e4\u00e4n perinneinspiroituneista s\u00e4vellyksist\u00e4, joissa laulajien tekninen taituruus p\u00e4\u00e4see loistamaan. Sovitukset ovat yhtyeen yhdess\u00e4 tekemi\u00e4 sek\u00e4 etuk\u00e4teen ett\u00e4 hetkess\u00e4 \u2014 J\u00e4inen upeat harmoniat syntyv\u00e4t heterofoniasta eli improvisoidusta polyfoniasta. \u00a0 J\u00e4iness\u00e4 laulaa: Vilma [&hellip;]<\/p>\n","protected":false},"author":1,"featured_media":0,"parent":0,"menu_order":0,"comment_status":"closed","ping_status":"closed","template":"","meta":{"inline_featured_image":false,"site-sidebar-layout":"no-sidebar","site-content-layout":"page-builder","ast-site-content-layout":"default","site-content-style":"default","site-sidebar-style":"default","ast-global-header-display":"","ast-banner-title-visibility":"","ast-main-header-display":"","ast-hfb-above-header-display":"","ast-hfb-below-header-display":"","ast-hfb-mobile-header-display":"","site-post-title":"disabled","ast-breadcrumbs-content":"","ast-featured-img":"disabled","footer-sml-layout":"","ast-disable-related-posts":"","theme-transparent-header-meta":"","adv-header-id-meta":"","stick-header-meta":"","header-above-stick-meta":"","header-main-stick-meta":"","header-below-stick-meta":"","astra-migrate-meta-layouts":"default","ast-page-background-enabled":"default","ast-page-background-meta":{"desktop":{"background-color":"","background-image":"","background-repeat":"repeat","background-position":"center center","background-size":"auto","background-attachment":"scroll","background-type":"","background-media":"","overlay-type":"","overlay-color":"","overlay-opacity":"","overlay-gradient":""},"tablet":{"background-color":"","background-image":"","background-repeat":"repeat","background-position":"center center","background-size":"auto","background-attachment":"scroll","background-type":"","background-media":"","overlay-type":"","overlay-color":"","overlay-opacity":"","overlay-gradient":""},"mobile":{"background-color":"","background-image":"","background-repeat":"repeat","background-position":"center center","background-size":"auto","background-attachment":"scroll","background-type":"","background-media":"","overlay-type":"","overlay-color":"","overlay-opacity":"","overlay-gradient":""}},"ast-content-background-meta":{"desktop":{"background-color":"var(--ast-global-color-5)","background-image":"","background-repeat":"repeat","background-position":"center center","background-size":"auto","background-attachment":"scroll","background-type":"","background-media":"","overlay-type":"","overlay-color":"","overlay-opacity":"","overlay-gradient":""},"tablet":{"background-color":"var(--ast-global-color-5)","background-image":"","background-repeat":"repeat","background-position":"center center","background-size":"auto","background-attachment":"scroll","background-type":"","background-media":"","overlay-type":"","overlay-color":"","overlay-opacity":"","overlay-gradient":""},"mobile":{"background-color":"var(--ast-global-color-5)","background-image":"","background-repeat":"repeat","background-position":"center center","background-size":"auto","background-attachment":"scroll","background-type":"","background-media":"","overlay-type":"","overlay-color":"","overlay-opacity":"","overlay-gradient":""}},"footnotes":""},"class_list":["post-5892","page","type-page","status-publish","hentry"],"yoast_head":"<!-- This site is optimized with the Yoast SEO plugin v27.5 - https:\/\/yoast.com\/product\/yoast-seo-wordpress\/ -->\n<title>J\u00e4ine - VILMA J\u00c4\u00c4<\/title>\n<meta name=\"robots\" content=\"index, follow, max-snippet:-1, max-image-preview:large, max-video-preview:-1\" \/>\n<link rel=\"canonical\" href=\"https:\/\/vilmajaa.fi\/en\/jaine\/\" \/>\n<meta property=\"og:locale\" content=\"en_US\" \/>\n<meta property=\"og:type\" content=\"article\" \/>\n<meta property=\"og:title\" content=\"J\u00e4ine - VILMA J\u00c4\u00c4\" \/>\n<meta property=\"og:description\" content=\"J\u00e4ine J\u00e4ine on uuden sukupolven runolauluyhtye, joka muodostuu ammattilaulajista kansanmusiikin sek\u00e4 pop&amp;jazz-musiikin kentilt\u00e4. Perinteiseen inkeril\u00e4iseen yhtyerunolauluun erikoistuneen kansanmuusikko Vilma J\u00e4\u00e4n perustaman yhtyeen ohjelmisto koostuu J\u00e4\u00e4n perinneinspiroituneista s\u00e4vellyksist\u00e4, joissa laulajien tekninen taituruus p\u00e4\u00e4see loistamaan. Sovitukset ovat yhtyeen yhdess\u00e4 tekemi\u00e4 sek\u00e4 etuk\u00e4teen ett\u00e4 hetkess\u00e4 \u2014 J\u00e4inen upeat harmoniat syntyv\u00e4t heterofoniasta eli improvisoidusta polyfoniasta. \u00a0 J\u00e4iness\u00e4 laulaa: Vilma [&hellip;]\" \/>\n<meta property=\"og:url\" content=\"https:\/\/vilmajaa.fi\/en\/jaine\/\" \/>\n<meta property=\"og:site_name\" content=\"VILMA J\u00c4\u00c4\" \/>\n<meta property=\"article:modified_time\" content=\"2024-11-05T14:07:05+00:00\" \/>\n<meta name=\"twitter:card\" content=\"summary_large_image\" \/>\n<meta name=\"twitter:label1\" content=\"Est. reading time\" \/>\n\t<meta name=\"twitter:data1\" content=\"1 minute\" \/>\n<script type=\"application\/ld+json\" class=\"yoast-schema-graph\">{\"@context\":\"https:\\\/\\\/schema.org\",\"@graph\":[{\"@type\":\"WebPage\",\"@id\":\"https:\\\/\\\/vilmajaa.fi\\\/jaine\\\/\",\"url\":\"https:\\\/\\\/vilmajaa.fi\\\/jaine\\\/\",\"name\":\"J\u00e4ine - VILMA J\u00c4\u00c4\",\"isPartOf\":{\"@id\":\"https:\\\/\\\/vilmajaa.fi\\\/#website\"},\"datePublished\":\"2022-08-22T09:21:02+00:00\",\"dateModified\":\"2024-11-05T14:07:05+00:00\",\"breadcrumb\":{\"@id\":\"https:\\\/\\\/vilmajaa.fi\\\/jaine\\\/#breadcrumb\"},\"inLanguage\":\"en-CA\",\"potentialAction\":[{\"@type\":\"ReadAction\",\"target\":[\"https:\\\/\\\/vilmajaa.fi\\\/jaine\\\/\"]}]},{\"@type\":\"BreadcrumbList\",\"@id\":\"https:\\\/\\\/vilmajaa.fi\\\/jaine\\\/#breadcrumb\",\"itemListElement\":[{\"@type\":\"ListItem\",\"position\":1,\"name\":\"Home\",\"item\":\"https:\\\/\\\/vilmajaa.fi\\\/\"},{\"@type\":\"ListItem\",\"position\":2,\"name\":\"J\u00e4ine\"}]},{\"@type\":\"WebSite\",\"@id\":\"https:\\\/\\\/vilmajaa.fi\\\/#website\",\"url\":\"https:\\\/\\\/vilmajaa.fi\\\/\",\"name\":\"VILMA J\u00c4\u00c4\",\"description\":\"Musician and Composer\",\"publisher\":{\"@id\":\"https:\\\/\\\/vilmajaa.fi\\\/#organization\"},\"potentialAction\":[{\"@type\":\"SearchAction\",\"target\":{\"@type\":\"EntryPoint\",\"urlTemplate\":\"https:\\\/\\\/vilmajaa.fi\\\/?s={search_term_string}\"},\"query-input\":{\"@type\":\"PropertyValueSpecification\",\"valueRequired\":true,\"valueName\":\"search_term_string\"}}],\"inLanguage\":\"en-CA\"},{\"@type\":\"Organization\",\"@id\":\"https:\\\/\\\/vilmajaa.fi\\\/#organization\",\"name\":\"VILMA J\u00c4\u00c4\",\"url\":\"https:\\\/\\\/vilmajaa.fi\\\/\",\"logo\":{\"@type\":\"ImageObject\",\"inLanguage\":\"en-CA\",\"@id\":\"https:\\\/\\\/vilmajaa.fi\\\/#\\\/schema\\\/logo\\\/image\\\/\",\"url\":\"https:\\\/\\\/vilmajaa.fi\\\/wp-content\\\/uploads\\\/2020\\\/11\\\/Mun-logo-nettisivuille-1.webp\",\"contentUrl\":\"https:\\\/\\\/vilmajaa.fi\\\/wp-content\\\/uploads\\\/2020\\\/11\\\/Mun-logo-nettisivuille-1.webp\",\"width\":313,\"height\":313,\"caption\":\"VILMA J\u00c4\u00c4\"},\"image\":{\"@id\":\"https:\\\/\\\/vilmajaa.fi\\\/#\\\/schema\\\/logo\\\/image\\\/\"}}]}<\/script>\n<!-- \/ Yoast SEO plugin. -->","yoast_head_json":{"title":"J\u00e4ine - VILMA J\u00c4\u00c4","robots":{"index":"index","follow":"follow","max-snippet":"max-snippet:-1","max-image-preview":"max-image-preview:large","max-video-preview":"max-video-preview:-1"},"canonical":"https:\/\/vilmajaa.fi\/en\/jaine\/","og_locale":"en_US","og_type":"article","og_title":"J\u00e4ine - VILMA J\u00c4\u00c4","og_description":"J\u00e4ine J\u00e4ine on uuden sukupolven runolauluyhtye, joka muodostuu ammattilaulajista kansanmusiikin sek\u00e4 pop&amp;jazz-musiikin kentilt\u00e4. Perinteiseen inkeril\u00e4iseen yhtyerunolauluun erikoistuneen kansanmuusikko Vilma J\u00e4\u00e4n perustaman yhtyeen ohjelmisto koostuu J\u00e4\u00e4n perinneinspiroituneista s\u00e4vellyksist\u00e4, joissa laulajien tekninen taituruus p\u00e4\u00e4see loistamaan. Sovitukset ovat yhtyeen yhdess\u00e4 tekemi\u00e4 sek\u00e4 etuk\u00e4teen ett\u00e4 hetkess\u00e4 \u2014 J\u00e4inen upeat harmoniat syntyv\u00e4t heterofoniasta eli improvisoidusta polyfoniasta. \u00a0 J\u00e4iness\u00e4 laulaa: Vilma [&hellip;]","og_url":"https:\/\/vilmajaa.fi\/en\/jaine\/","og_site_name":"VILMA J\u00c4\u00c4","article_modified_time":"2024-11-05T14:07:05+00:00","twitter_card":"summary_large_image","twitter_misc":{"Est. reading time":"1 minute"},"schema":{"@context":"https:\/\/schema.org","@graph":[{"@type":"WebPage","@id":"https:\/\/vilmajaa.fi\/jaine\/","url":"https:\/\/vilmajaa.fi\/jaine\/","name":"J\u00e4ine - VILMA J\u00c4\u00c4","isPartOf":{"@id":"https:\/\/vilmajaa.fi\/#website"},"datePublished":"2022-08-22T09:21:02+00:00","dateModified":"2024-11-05T14:07:05+00:00","breadcrumb":{"@id":"https:\/\/vilmajaa.fi\/jaine\/#breadcrumb"},"inLanguage":"en-CA","potentialAction":[{"@type":"ReadAction","target":["https:\/\/vilmajaa.fi\/jaine\/"]}]},{"@type":"BreadcrumbList","@id":"https:\/\/vilmajaa.fi\/jaine\/#breadcrumb","itemListElement":[{"@type":"ListItem","position":1,"name":"Home","item":"https:\/\/vilmajaa.fi\/"},{"@type":"ListItem","position":2,"name":"J\u00e4ine"}]},{"@type":"WebSite","@id":"https:\/\/vilmajaa.fi\/#website","url":"https:\/\/vilmajaa.fi\/","name":"VILMA J\u00c4\u00c4","description":"Musician and Composer","publisher":{"@id":"https:\/\/vilmajaa.fi\/#organization"},"potentialAction":[{"@type":"SearchAction","target":{"@type":"EntryPoint","urlTemplate":"https:\/\/vilmajaa.fi\/?s={search_term_string}"},"query-input":{"@type":"PropertyValueSpecification","valueRequired":true,"valueName":"search_term_string"}}],"inLanguage":"en-CA"},{"@type":"Organization","@id":"https:\/\/vilmajaa.fi\/#organization","name":"VILMA J\u00c4\u00c4","url":"https:\/\/vilmajaa.fi\/","logo":{"@type":"ImageObject","inLanguage":"en-CA","@id":"https:\/\/vilmajaa.fi\/#\/schema\/logo\/image\/","url":"https:\/\/vilmajaa.fi\/wp-content\/uploads\/2020\/11\/Mun-logo-nettisivuille-1.webp","contentUrl":"https:\/\/vilmajaa.fi\/wp-content\/uploads\/2020\/11\/Mun-logo-nettisivuille-1.webp","width":313,"height":313,"caption":"VILMA J\u00c4\u00c4"},"image":{"@id":"https:\/\/vilmajaa.fi\/#\/schema\/logo\/image\/"}}]}},"_links":{"self":[{"href":"https:\/\/vilmajaa.fi\/en\/wp-json\/wp\/v2\/pages\/5892","targetHints":{"allow":["GET"]}}],"collection":[{"href":"https:\/\/vilmajaa.fi\/en\/wp-json\/wp\/v2\/pages"}],"about":[{"href":"https:\/\/vilmajaa.fi\/en\/wp-json\/wp\/v2\/types\/page"}],"author":[{"embeddable":true,"href":"https:\/\/vilmajaa.fi\/en\/wp-json\/wp\/v2\/users\/1"}],"replies":[{"embeddable":true,"href":"https:\/\/vilmajaa.fi\/en\/wp-json\/wp\/v2\/comments?post=5892"}],"version-history":[{"count":20,"href":"https:\/\/vilmajaa.fi\/en\/wp-json\/wp\/v2\/pages\/5892\/revisions"}],"predecessor-version":[{"id":10067,"href":"https:\/\/vilmajaa.fi\/en\/wp-json\/wp\/v2\/pages\/5892\/revisions\/10067"}],"wp:attachment":[{"href":"https:\/\/vilmajaa.fi\/en\/wp-json\/wp\/v2\/media?parent=5892"}],"curies":[{"name":"wp","href":"https:\/\/api.w.org\/{rel}","templated":true}]}}