{"id":8828,"date":"2024-11-01T22:30:42","date_gmt":"2024-11-01T19:30:42","guid":{"rendered":"https:\/\/vilmajaa.fi\/?page_id=8828"},"modified":"2026-02-05T12:52:55","modified_gmt":"2026-02-05T09:52:55","slug":"biografia","status":"publish","type":"page","link":"https:\/\/vilmajaa.fi\/en\/biografia\/","title":{"rendered":"BIOGRAPHY"},"content":{"rendered":"<div data-elementor-type=\"wp-page\" data-elementor-id=\"8828\" class=\"elementor elementor-8828\" data-elementor-post-type=\"page\">\n\t\t\t\t<div class=\"elementor-element elementor-element-281946a elementor-hidden-tablet elementor-hidden-mobile e-flex e-con-boxed e-con e-parent\" data-id=\"281946a\" data-element_type=\"container\" data-e-type=\"container\" data-settings=\"{&quot;_ob_use_container_extras&quot;:&quot;no&quot;,&quot;_ob_column_hoveranimator&quot;:&quot;no&quot;,&quot;_ob_glider_is_slider&quot;:&quot;no&quot;,&quot;_ob_column_has_pseudo&quot;:&quot;no&quot;}\">\n\t\t\t\t\t<div class=\"e-con-inner\">\n\t\t<div class=\"elementor-element elementor-element-318d5b0 e-con-full e-flex e-con e-child\" data-id=\"318d5b0\" data-element_type=\"container\" data-e-type=\"container\" data-settings=\"{&quot;background_background&quot;:&quot;classic&quot;,&quot;_ob_use_container_extras&quot;:&quot;no&quot;,&quot;_ob_column_hoveranimator&quot;:&quot;no&quot;,&quot;_ob_glider_is_slider&quot;:&quot;no&quot;,&quot;_ob_column_has_pseudo&quot;:&quot;no&quot;}\">\n\t\t\t\t<div class=\"elementor-element elementor-element-4dcce43 elementor-hidden-mobile ob-harakiri-vertical-lr ob-harakiri ob-has-background-overlay elementor-widget elementor-widget-text-editor\" data-id=\"4dcce43\" data-element_type=\"widget\" data-e-type=\"widget\" data-settings=\"{&quot;_ob_harakiri_writing_mode&quot;:&quot;vertical-lr&quot;,&quot;_ob_use_harakiri&quot;:&quot;yes&quot;,&quot;_ob_postman_use&quot;:&quot;no&quot;,&quot;_ob_widget_stalker_use&quot;:&quot;no&quot;,&quot;_ob_poopart_use&quot;:&quot;yes&quot;,&quot;_ob_shadough_use&quot;:&quot;no&quot;,&quot;_ob_allow_hoveranimator&quot;:&quot;no&quot;}\" data-widget_type=\"text-editor.default\">\n\t\t\t\t<div class=\"elementor-widget-container\">\n\t\t\t\t\t\t\t\t\t<h6>photo: Mikko Malmivaara<\/h6>\t\t\t\t\t\t\t\t<\/div>\n\t\t\t\t<\/div>\n\t\t\t\t<\/div>\n\t\t<div class=\"elementor-element elementor-element-d3cf5f9 e-con-full e-flex e-con e-child\" data-id=\"d3cf5f9\" data-element_type=\"container\" data-e-type=\"container\" data-settings=\"{&quot;_ob_use_container_extras&quot;:&quot;no&quot;,&quot;_ob_column_hoveranimator&quot;:&quot;no&quot;,&quot;_ob_glider_is_slider&quot;:&quot;no&quot;,&quot;_ob_column_has_pseudo&quot;:&quot;no&quot;}\">\n\t\t\t\t<div class=\"elementor-element elementor-element-8fed217 animated-slow ob-harakiri-inherit elementor-invisible ob-has-background-overlay elementor-widget elementor-widget-heading\" data-id=\"8fed217\" data-element_type=\"widget\" data-e-type=\"widget\" data-settings=\"{&quot;_animation&quot;:&quot;fadeInUp&quot;,&quot;_ob_use_harakiri&quot;:&quot;yes&quot;,&quot;_ob_harakiri_writing_mode&quot;:&quot;inherit&quot;,&quot;_ob_harakiri_text_clip&quot;:&quot;none&quot;,&quot;_ob_widget_stalker_use&quot;:&quot;no&quot;,&quot;_ob_poopart_use&quot;:&quot;yes&quot;,&quot;_ob_shadough_use&quot;:&quot;no&quot;,&quot;_ob_allow_hoveranimator&quot;:&quot;no&quot;}\" data-widget_type=\"heading.default\">\n\t\t\t\t<div class=\"elementor-widget-container\">\n\t\t\t\t\t<h2 class=\"elementor-heading-title elementor-size-default\">Folk music, pop, opera<\/h2>\t\t\t\t<\/div>\n\t\t\t\t<\/div>\n\t\t\t\t<div class=\"elementor-element elementor-element-686c7c6 elementor-widget__width-initial ob-harakiri-inherit elementor-invisible ob-has-background-overlay elementor-widget elementor-widget-text-editor\" data-id=\"686c7c6\" data-element_type=\"widget\" data-e-type=\"widget\" data-settings=\"{&quot;_animation&quot;:&quot;fadeIn&quot;,&quot;_animation_delay&quot;:300,&quot;_ob_use_harakiri&quot;:&quot;yes&quot;,&quot;_ob_harakiri_writing_mode&quot;:&quot;inherit&quot;,&quot;_ob_postman_use&quot;:&quot;no&quot;,&quot;_ob_widget_stalker_use&quot;:&quot;no&quot;,&quot;_ob_poopart_use&quot;:&quot;yes&quot;,&quot;_ob_shadough_use&quot;:&quot;no&quot;,&quot;_ob_allow_hoveranimator&quot;:&quot;no&quot;}\" data-widget_type=\"text-editor.default\">\n\t\t\t\t<div class=\"elementor-widget-container\">\n\t\t\t\t\t\t\t\t\t<p><strong>Vilma J\u00e4\u00e4<\/strong> is a musician, singer, composer, fiddler and researcher who works in the fields of folk music, pop music and opera.<\/p><p>In October 2023, J\u00e4\u00e4 released her much-anticipated debut album, <em>Kosto<\/em>, where centuries-old stories are woven into electronic music. In early 2024, <em>Kosto <\/em>won the Ethno Album of the Year award at the Emma Gala and the Folk Music Album of the Year award at the El\u00e4k\u00f6\u00f6n FOLK! Gala and was nominated for the Teosto Award.<\/p><p>Selected for music media YleX's <em>Vilma J\u00e4\u00e4\u2019s<\/em> singles <em>Saatanan saalistaja (Fucking Predator)<\/em> and <em>Humalahullu (The Raving Drunk)<\/em> featured on the YleX playlist, while <em>J\u00e4inen neiti (Icy Maiden)<\/em> was added to the Radio Suomi playlist. In 2022, a panel of music experts ranked <em>Saatanan saalistaja (Fucking Predator)<\/em> among the top 100 global songs in a survey by Finland's leading newspaper Helsingin Sanomat. The first single\u00a0<em>Huutaa<\/em>\u00a0of her upcoming second album was featured on Levyraati\u2014the legendary TV show for new music\u2014in February 2025.<\/p>\t\t\t\t\t\t\t\t<\/div>\n\t\t\t\t<\/div>\n\t\t\t\t<\/div>\n\t\t\t\t\t<\/div>\n\t\t\t\t<\/div>\n\t\t<div class=\"elementor-element elementor-element-192bed7 elementor-hidden-tablet elementor-hidden-mobile e-flex e-con-boxed e-con e-parent\" data-id=\"192bed7\" data-element_type=\"container\" data-e-type=\"container\" data-settings=\"{&quot;_ob_use_container_extras&quot;:&quot;no&quot;,&quot;_ob_column_hoveranimator&quot;:&quot;no&quot;,&quot;_ob_glider_is_slider&quot;:&quot;no&quot;,&quot;_ob_column_has_pseudo&quot;:&quot;no&quot;}\">\n\t\t\t\t\t<div class=\"e-con-inner\">\n\t\t<div class=\"elementor-element elementor-element-1184f23 e-con-full e-flex e-con e-child\" data-id=\"1184f23\" data-element_type=\"container\" data-e-type=\"container\" data-settings=\"{&quot;background_background&quot;:&quot;classic&quot;,&quot;_ob_use_container_extras&quot;:&quot;no&quot;,&quot;_ob_column_hoveranimator&quot;:&quot;no&quot;,&quot;_ob_glider_is_slider&quot;:&quot;no&quot;,&quot;_ob_column_has_pseudo&quot;:&quot;no&quot;}\">\n\t\t\t\t<div class=\"elementor-element elementor-element-5299fc6 elementor-widget__width-initial ob-harakiri-inherit elementor-invisible ob-has-background-overlay elementor-widget elementor-widget-text-editor\" data-id=\"5299fc6\" data-element_type=\"widget\" data-e-type=\"widget\" data-settings=\"{&quot;_animation&quot;:&quot;fadeIn&quot;,&quot;_ob_use_harakiri&quot;:&quot;yes&quot;,&quot;_ob_harakiri_writing_mode&quot;:&quot;inherit&quot;,&quot;_ob_postman_use&quot;:&quot;no&quot;,&quot;_ob_widget_stalker_use&quot;:&quot;no&quot;,&quot;_ob_poopart_use&quot;:&quot;yes&quot;,&quot;_ob_shadough_use&quot;:&quot;no&quot;,&quot;_ob_allow_hoveranimator&quot;:&quot;no&quot;}\" data-widget_type=\"text-editor.default\">\n\t\t\t\t<div class=\"elementor-widget-container\">\n\t\t\t\t\t\t\t\t\t<p class=\"font_7\">In addition to her solo music, J\u00e4\u00e4 is known internationally for her role as a folk singer in Kaija Saariaho\u2019s opera <em>Innocence<\/em>. The role of Mark\u00e9ta was composed especially for J\u00e4\u00e4, and received international acclaim for her unique vocal techniques and powerful interpretation.<\/p><p class=\"font_7\">J\u00e4\u00e4 is a versatile composer. Alongside her solo ethno-pop work, she has composed music deeply rooted in tradition for groups like SibA Folk Big Band and her vocal ensemble, J\u00e4ine. Her musical style reflects her folk music roots as well as her extensive background in a cappella and instrumental music. Her solo piano compositions have been described as cinematic and captivating.<\/p><p class=\"font_7\">In 2021, Vilma J\u00e4\u00e4 graduated with a Master of Music from the Sibelius Academy of the University of the Arts Helsinki. Her research focuses on Finnish and Karelian herding call traditions, and she is developing a graphic notation system to capture as much of this unique musical genre as possible. Her research has been supported by the Niilo Helander Foundation and the Finnish Arts Promotion Centre.\u00a0<\/p><p class=\"font_7\">An enthusiast of crafts and upcycling, J\u00e4\u00e4 also designs and sews her performance outfits, drawing inspiration from traditional and folk costumes. Additionally, she creates and sells jewelry made from upcycled materials.\u00a0<\/p>\t\t\t\t\t\t\t\t<\/div>\n\t\t\t\t<\/div>\n\t\t\t\t<\/div>\n\t\t\t\t\t<\/div>\n\t\t\t\t<\/div>\n\t\t<div class=\"elementor-element elementor-element-6b5bcc1 elementor-hidden-desktop e-flex e-con-boxed e-con e-parent\" data-id=\"6b5bcc1\" data-element_type=\"container\" data-e-type=\"container\" data-settings=\"{&quot;_ob_use_container_extras&quot;:&quot;no&quot;,&quot;_ob_column_hoveranimator&quot;:&quot;no&quot;,&quot;_ob_glider_is_slider&quot;:&quot;no&quot;,&quot;_ob_column_has_pseudo&quot;:&quot;no&quot;}\">\n\t\t\t\t\t<div class=\"e-con-inner\">\n\t\t<div class=\"elementor-element elementor-element-8b7f361 e-con-full e-flex e-con e-child\" data-id=\"8b7f361\" data-element_type=\"container\" data-e-type=\"container\" data-settings=\"{&quot;_ob_use_container_extras&quot;:&quot;no&quot;,&quot;_ob_column_hoveranimator&quot;:&quot;no&quot;,&quot;_ob_glider_is_slider&quot;:&quot;no&quot;,&quot;_ob_column_has_pseudo&quot;:&quot;no&quot;}\">\n\t\t\t\t<div class=\"elementor-element elementor-element-a2d7b5d animated-slow elementor-widget-tablet__width-initial ob-harakiri-inherit elementor-invisible ob-has-background-overlay elementor-widget elementor-widget-heading\" data-id=\"a2d7b5d\" data-element_type=\"widget\" data-e-type=\"widget\" data-settings=\"{&quot;_animation&quot;:&quot;fadeInUp&quot;,&quot;_ob_use_harakiri&quot;:&quot;yes&quot;,&quot;_ob_harakiri_writing_mode&quot;:&quot;inherit&quot;,&quot;_ob_harakiri_text_clip&quot;:&quot;none&quot;,&quot;_ob_widget_stalker_use&quot;:&quot;no&quot;,&quot;_ob_poopart_use&quot;:&quot;yes&quot;,&quot;_ob_shadough_use&quot;:&quot;no&quot;,&quot;_ob_allow_hoveranimator&quot;:&quot;no&quot;}\" data-widget_type=\"heading.default\">\n\t\t\t\t<div class=\"elementor-widget-container\">\n\t\t\t\t\t<h2 class=\"elementor-heading-title elementor-size-default\">Folk music, pop, opera<\/h2>\t\t\t\t<\/div>\n\t\t\t\t<\/div>\n\t\t\t\t<div class=\"elementor-element elementor-element-4a18e6c elementor-widget-tablet__width-inherit ob-harakiri-inherit elementor-invisible ob-has-background-overlay elementor-widget elementor-widget-text-editor\" data-id=\"4a18e6c\" data-element_type=\"widget\" data-e-type=\"widget\" data-settings=\"{&quot;_animation&quot;:&quot;fadeIn&quot;,&quot;_animation_delay&quot;:300,&quot;_ob_use_harakiri&quot;:&quot;yes&quot;,&quot;_ob_harakiri_writing_mode&quot;:&quot;inherit&quot;,&quot;_ob_postman_use&quot;:&quot;no&quot;,&quot;_ob_widget_stalker_use&quot;:&quot;no&quot;,&quot;_ob_poopart_use&quot;:&quot;yes&quot;,&quot;_ob_shadough_use&quot;:&quot;no&quot;,&quot;_ob_allow_hoveranimator&quot;:&quot;no&quot;}\" data-widget_type=\"text-editor.default\">\n\t\t\t\t<div class=\"elementor-widget-container\">\n\t\t\t\t\t\t\t\t\t<p><strong>Vilma J\u00e4\u00e4<\/strong> is a musician, singer, composer, fiddler and researcher who works in the fields of folk music, pop music and opera.<\/p><p>\u00a0<\/p><p>In October 2023, J\u00e4\u00e4 released her much-anticipated debut album, <em>Kosto<\/em>, that combines centuries-old stories with electronic music.<\/p><p>\u00a0<\/p><p>In early 2024, <em>Kosto <\/em>won the Ethno Album of the Year award at the Emma Gala and the Folk Music Album of the Year award at the El\u00e4k\u00f6\u00f6n FOLK! Gala and was nominated for the Teosto Award.<\/p><p>\u00a0<\/p><p>Selected for music media YleX's <em>Vilma J\u00e4\u00e4\u2019s<\/em> singles <em>Saatanan saalistaja (Fucking Predator)<\/em> and <em>Humalahullu (The Raving Drunk)<\/em> featured on the YleX playlist, while <em>J\u00e4inen neiti (Icy Maiden)<\/em> was added to the Radio Suomi playlist. In 2022, a panel of music experts ranked <em>Saatanan saalistaja (Fucking Predator)<\/em> sadan maailman parhaan laulun joukkoon Helsingin Sanomien kyselyss\u00e4. Etnopopiksi kuvailemaansa musiikkia J\u00e4\u00e4 tekee yhdess\u00e4 tuottaja-s\u00e4velt\u00e4j\u00e4 Mikko Renforsin kanssa.\u00a0<\/p><p>\u00a0<\/p><p class=\"font_7\">In addition to her solo music, J\u00e4\u00e4 is known internationally for her role as a folk singer in Kaija Saariaho\u2019s opera <em>Innocence<\/em>. The role of Mark\u00e9ta was composed especially for J\u00e4\u00e4, and received international acclaim for her unique vocal techniques and powerful interpretation.<\/p><p>\u00a0<\/p><p class=\"font_7\">J\u00e4\u00e4 is a versatile composer. Alongside her solo ethno-pop work, she has composed music deeply rooted in tradition for groups like SibA Folk Big Band and her vocal ensemble, J\u00e4ine. Her musical style reflects her folk music roots as well as her extensive background in a cappella and instrumental music. Her solo piano compositions have been described as cinematic and captivating.<\/p><p>\u00a0<\/p><p class=\"font_7\">In 2021, Vilma J\u00e4\u00e4 graduated with a Master of Music from the Sibelius Academy of the University of the Arts Helsinki. Her research focuses on Finnish and Karelian herding call traditions, and she is developing a graphic notation system to capture as much of this unique musical genre as possible. Her research has been supported by the Niilo Helander Foundation and the Finnish Arts Promotion Centre.\u00a0<\/p><p>\u00a0<\/p><p class=\"font_7\">An enthusiast of crafts and upcycling, J\u00e4\u00e4 also designs and sews her performance outfits, drawing inspiration from traditional and folk costumes. Additionally, she creates and sells jewelry made from upcycled materials.<\/p>\t\t\t\t\t\t\t\t<\/div>\n\t\t\t\t<\/div>\n\t\t\t\t<\/div>\n\t\t\t\t\t<\/div>\n\t\t\t\t<\/div>\n\t\t\t\t<\/div>","protected":false},"excerpt":{"rendered":"<p>kuva: Mikko Malmivaara Kansanmusiikkia, poppia, oopperaa Vilma J\u00e4\u00e4 on kansanmusiikin, popin ja oopperan kentill\u00e4 toimiva muusikko, laulaja, s\u00e4velt\u00e4j\u00e4, viulisti ja tutkija. J\u00e4\u00e4 julkaisi lokakuussa 2023 odotetun debyyttialbuminsa Kosto, jolla vuosisatoja vanhat tarinat yhdistyv\u00e4t elektroniseen musiikkiin. Alkuvuodesta 2024 Kosto voitti Emma Gaalassa Vuoden Etno -palkinnon ja El\u00e4k\u00f6\u00f6n FOLK! -gaalassa Vuoden Kansanmusiikkilevy -palkinnon. Vilma J\u00e4\u00e4 oli Kosto-albumillaan [&hellip;]<\/p>\n","protected":false},"author":1,"featured_media":0,"parent":0,"menu_order":0,"comment_status":"closed","ping_status":"closed","template":"elementor_header_footer","meta":{"inline_featured_image":false,"site-sidebar-layout":"no-sidebar","site-content-layout":"page-builder","ast-site-content-layout":"full-width-container","site-content-style":"default","site-sidebar-style":"default","ast-global-header-display":"","ast-banner-title-visibility":"","ast-main-header-display":"","ast-hfb-above-header-display":"","ast-hfb-below-header-display":"","ast-hfb-mobile-header-display":"","site-post-title":"disabled","ast-breadcrumbs-content":"","ast-featured-img":"disabled","footer-sml-layout":"","ast-disable-related-posts":"","theme-transparent-header-meta":"","adv-header-id-meta":"","stick-header-meta":"","header-above-stick-meta":"","header-main-stick-meta":"","header-below-stick-meta":"","astra-migrate-meta-layouts":"set","ast-page-background-enabled":"default","ast-page-background-meta":{"desktop":{"background-color":"","background-image":"","background-repeat":"repeat","background-position":"center center","background-size":"auto","background-attachment":"scroll","background-type":"","background-media":"","overlay-type":"","overlay-color":"","overlay-opacity":"","overlay-gradient":""},"tablet":{"background-color":"","background-image":"","background-repeat":"repeat","background-position":"center center","background-size":"auto","background-attachment":"scroll","background-type":"","background-media":"","overlay-type":"","overlay-color":"","overlay-opacity":"","overlay-gradient":""},"mobile":{"background-color":"","background-image":"","background-repeat":"repeat","background-position":"center center","background-size":"auto","background-attachment":"scroll","background-type":"","background-media":"","overlay-type":"","overlay-color":"","overlay-opacity":"","overlay-gradient":""}},"ast-content-background-meta":{"desktop":{"background-color":"var(--ast-global-color-5)","background-image":"","background-repeat":"repeat","background-position":"center center","background-size":"auto","background-attachment":"scroll","background-type":"","background-media":"","overlay-type":"","overlay-color":"","overlay-opacity":"","overlay-gradient":""},"tablet":{"background-color":"var(--ast-global-color-5)","background-image":"","background-repeat":"repeat","background-position":"center center","background-size":"auto","background-attachment":"scroll","background-type":"","background-media":"","overlay-type":"","overlay-color":"","overlay-opacity":"","overlay-gradient":""},"mobile":{"background-color":"var(--ast-global-color-5)","background-image":"","background-repeat":"repeat","background-position":"center center","background-size":"auto","background-attachment":"scroll","background-type":"","background-media":"","overlay-type":"","overlay-color":"","overlay-opacity":"","overlay-gradient":""}},"footnotes":""},"class_list":["post-8828","page","type-page","status-publish","hentry"],"yoast_head":"<!-- This site is optimized with the Yoast SEO plugin v27.4 - https:\/\/yoast.com\/product\/yoast-seo-wordpress\/ -->\n<title>BIOGRAFIA - VILMA J\u00c4\u00c4<\/title>\n<meta name=\"robots\" content=\"index, follow, max-snippet:-1, max-image-preview:large, max-video-preview:-1\" \/>\n<link rel=\"canonical\" href=\"https:\/\/vilmajaa.fi\/en\/biografia\/\" \/>\n<meta property=\"og:locale\" content=\"en_US\" \/>\n<meta property=\"og:type\" content=\"article\" \/>\n<meta property=\"og:title\" content=\"BIOGRAFIA - VILMA J\u00c4\u00c4\" \/>\n<meta property=\"og:description\" content=\"kuva: Mikko Malmivaara Kansanmusiikkia, poppia, oopperaa Vilma J\u00e4\u00e4 on kansanmusiikin, popin ja oopperan kentill\u00e4 toimiva muusikko, laulaja, s\u00e4velt\u00e4j\u00e4, viulisti ja tutkija. J\u00e4\u00e4 julkaisi lokakuussa 2023 odotetun debyyttialbuminsa Kosto, jolla vuosisatoja vanhat tarinat yhdistyv\u00e4t elektroniseen musiikkiin. Alkuvuodesta 2024 Kosto voitti Emma Gaalassa Vuoden Etno -palkinnon ja El\u00e4k\u00f6\u00f6n FOLK! -gaalassa Vuoden Kansanmusiikkilevy -palkinnon. Vilma J\u00e4\u00e4 oli Kosto-albumillaan [&hellip;]\" \/>\n<meta property=\"og:url\" content=\"https:\/\/vilmajaa.fi\/en\/biografia\/\" \/>\n<meta property=\"og:site_name\" content=\"VILMA J\u00c4\u00c4\" \/>\n<meta property=\"article:modified_time\" content=\"2026-02-05T09:52:55+00:00\" \/>\n<meta name=\"twitter:card\" content=\"summary_large_image\" \/>\n<meta name=\"twitter:label1\" content=\"Est. reading time\" \/>\n\t<meta name=\"twitter:data1\" content=\"3 minutes\" \/>\n<script type=\"application\/ld+json\" class=\"yoast-schema-graph\">{\"@context\":\"https:\\\/\\\/schema.org\",\"@graph\":[{\"@type\":\"WebPage\",\"@id\":\"https:\\\/\\\/vilmajaa.fi\\\/biografia\\\/\",\"url\":\"https:\\\/\\\/vilmajaa.fi\\\/biografia\\\/\",\"name\":\"BIOGRAFIA - VILMA J\u00c4\u00c4\",\"isPartOf\":{\"@id\":\"https:\\\/\\\/vilmajaa.fi\\\/#website\"},\"datePublished\":\"2024-11-01T19:30:42+00:00\",\"dateModified\":\"2026-02-05T09:52:55+00:00\",\"breadcrumb\":{\"@id\":\"https:\\\/\\\/vilmajaa.fi\\\/biografia\\\/#breadcrumb\"},\"inLanguage\":\"en-CA\",\"potentialAction\":[{\"@type\":\"ReadAction\",\"target\":[\"https:\\\/\\\/vilmajaa.fi\\\/biografia\\\/\"]}]},{\"@type\":\"BreadcrumbList\",\"@id\":\"https:\\\/\\\/vilmajaa.fi\\\/biografia\\\/#breadcrumb\",\"itemListElement\":[{\"@type\":\"ListItem\",\"position\":1,\"name\":\"Home\",\"item\":\"https:\\\/\\\/vilmajaa.fi\\\/\"},{\"@type\":\"ListItem\",\"position\":2,\"name\":\"BIOGRAFIA\"}]},{\"@type\":\"WebSite\",\"@id\":\"https:\\\/\\\/vilmajaa.fi\\\/#website\",\"url\":\"https:\\\/\\\/vilmajaa.fi\\\/\",\"name\":\"VILMA J\u00c4\u00c4\",\"description\":\"Musician and Composer\",\"publisher\":{\"@id\":\"https:\\\/\\\/vilmajaa.fi\\\/#organization\"},\"potentialAction\":[{\"@type\":\"SearchAction\",\"target\":{\"@type\":\"EntryPoint\",\"urlTemplate\":\"https:\\\/\\\/vilmajaa.fi\\\/?s={search_term_string}\"},\"query-input\":{\"@type\":\"PropertyValueSpecification\",\"valueRequired\":true,\"valueName\":\"search_term_string\"}}],\"inLanguage\":\"en-CA\"},{\"@type\":\"Organization\",\"@id\":\"https:\\\/\\\/vilmajaa.fi\\\/#organization\",\"name\":\"VILMA J\u00c4\u00c4\",\"url\":\"https:\\\/\\\/vilmajaa.fi\\\/\",\"logo\":{\"@type\":\"ImageObject\",\"inLanguage\":\"en-CA\",\"@id\":\"https:\\\/\\\/vilmajaa.fi\\\/#\\\/schema\\\/logo\\\/image\\\/\",\"url\":\"https:\\\/\\\/vilmajaa.fi\\\/wp-content\\\/uploads\\\/2020\\\/11\\\/Mun-logo-nettisivuille-1.webp\",\"contentUrl\":\"https:\\\/\\\/vilmajaa.fi\\\/wp-content\\\/uploads\\\/2020\\\/11\\\/Mun-logo-nettisivuille-1.webp\",\"width\":313,\"height\":313,\"caption\":\"VILMA J\u00c4\u00c4\"},\"image\":{\"@id\":\"https:\\\/\\\/vilmajaa.fi\\\/#\\\/schema\\\/logo\\\/image\\\/\"}}]}<\/script>\n<!-- \/ Yoast SEO plugin. -->","yoast_head_json":{"title":"BIOGRAFIA - VILMA J\u00c4\u00c4","robots":{"index":"index","follow":"follow","max-snippet":"max-snippet:-1","max-image-preview":"max-image-preview:large","max-video-preview":"max-video-preview:-1"},"canonical":"https:\/\/vilmajaa.fi\/en\/biografia\/","og_locale":"en_US","og_type":"article","og_title":"BIOGRAFIA - VILMA J\u00c4\u00c4","og_description":"kuva: Mikko Malmivaara Kansanmusiikkia, poppia, oopperaa Vilma J\u00e4\u00e4 on kansanmusiikin, popin ja oopperan kentill\u00e4 toimiva muusikko, laulaja, s\u00e4velt\u00e4j\u00e4, viulisti ja tutkija. J\u00e4\u00e4 julkaisi lokakuussa 2023 odotetun debyyttialbuminsa Kosto, jolla vuosisatoja vanhat tarinat yhdistyv\u00e4t elektroniseen musiikkiin. Alkuvuodesta 2024 Kosto voitti Emma Gaalassa Vuoden Etno -palkinnon ja El\u00e4k\u00f6\u00f6n FOLK! -gaalassa Vuoden Kansanmusiikkilevy -palkinnon. Vilma J\u00e4\u00e4 oli Kosto-albumillaan [&hellip;]","og_url":"https:\/\/vilmajaa.fi\/en\/biografia\/","og_site_name":"VILMA J\u00c4\u00c4","article_modified_time":"2026-02-05T09:52:55+00:00","twitter_card":"summary_large_image","twitter_misc":{"Est. reading time":"3 minutes"},"schema":{"@context":"https:\/\/schema.org","@graph":[{"@type":"WebPage","@id":"https:\/\/vilmajaa.fi\/biografia\/","url":"https:\/\/vilmajaa.fi\/biografia\/","name":"BIOGRAFIA - VILMA J\u00c4\u00c4","isPartOf":{"@id":"https:\/\/vilmajaa.fi\/#website"},"datePublished":"2024-11-01T19:30:42+00:00","dateModified":"2026-02-05T09:52:55+00:00","breadcrumb":{"@id":"https:\/\/vilmajaa.fi\/biografia\/#breadcrumb"},"inLanguage":"en-CA","potentialAction":[{"@type":"ReadAction","target":["https:\/\/vilmajaa.fi\/biografia\/"]}]},{"@type":"BreadcrumbList","@id":"https:\/\/vilmajaa.fi\/biografia\/#breadcrumb","itemListElement":[{"@type":"ListItem","position":1,"name":"Home","item":"https:\/\/vilmajaa.fi\/"},{"@type":"ListItem","position":2,"name":"BIOGRAFIA"}]},{"@type":"WebSite","@id":"https:\/\/vilmajaa.fi\/#website","url":"https:\/\/vilmajaa.fi\/","name":"VILMA J\u00c4\u00c4","description":"Musician and Composer","publisher":{"@id":"https:\/\/vilmajaa.fi\/#organization"},"potentialAction":[{"@type":"SearchAction","target":{"@type":"EntryPoint","urlTemplate":"https:\/\/vilmajaa.fi\/?s={search_term_string}"},"query-input":{"@type":"PropertyValueSpecification","valueRequired":true,"valueName":"search_term_string"}}],"inLanguage":"en-CA"},{"@type":"Organization","@id":"https:\/\/vilmajaa.fi\/#organization","name":"VILMA J\u00c4\u00c4","url":"https:\/\/vilmajaa.fi\/","logo":{"@type":"ImageObject","inLanguage":"en-CA","@id":"https:\/\/vilmajaa.fi\/#\/schema\/logo\/image\/","url":"https:\/\/vilmajaa.fi\/wp-content\/uploads\/2020\/11\/Mun-logo-nettisivuille-1.webp","contentUrl":"https:\/\/vilmajaa.fi\/wp-content\/uploads\/2020\/11\/Mun-logo-nettisivuille-1.webp","width":313,"height":313,"caption":"VILMA J\u00c4\u00c4"},"image":{"@id":"https:\/\/vilmajaa.fi\/#\/schema\/logo\/image\/"}}]}},"_links":{"self":[{"href":"https:\/\/vilmajaa.fi\/en\/wp-json\/wp\/v2\/pages\/8828","targetHints":{"allow":["GET"]}}],"collection":[{"href":"https:\/\/vilmajaa.fi\/en\/wp-json\/wp\/v2\/pages"}],"about":[{"href":"https:\/\/vilmajaa.fi\/en\/wp-json\/wp\/v2\/types\/page"}],"author":[{"embeddable":true,"href":"https:\/\/vilmajaa.fi\/en\/wp-json\/wp\/v2\/users\/1"}],"replies":[{"embeddable":true,"href":"https:\/\/vilmajaa.fi\/en\/wp-json\/wp\/v2\/comments?post=8828"}],"version-history":[{"count":112,"href":"https:\/\/vilmajaa.fi\/en\/wp-json\/wp\/v2\/pages\/8828\/revisions"}],"predecessor-version":[{"id":10652,"href":"https:\/\/vilmajaa.fi\/en\/wp-json\/wp\/v2\/pages\/8828\/revisions\/10652"}],"wp:attachment":[{"href":"https:\/\/vilmajaa.fi\/en\/wp-json\/wp\/v2\/media?parent=8828"}],"curies":[{"name":"wp","href":"https:\/\/api.w.org\/{rel}","templated":true}]}}