{"id":10477,"date":"2025-05-07T14:02:08","date_gmt":"2025-05-07T11:02:08","guid":{"rendered":"https:\/\/vilmajaa.fi\/?post_type=product&#038;p=10477"},"modified":"2025-05-07T14:26:40","modified_gmt":"2025-05-07T11:26:40","slug":"helmi-korvakorut","status":"publish","type":"product","link":"https:\/\/vilmajaa.fi\/en\/product\/helmi-korvakorut\/","title":{"rendered":"Helmi korvakorut"},"content":{"rendered":"<p>Saatavilla hopeoiduilla tai kullatuilla koukuilla.<br \/>\nAlla koruter\u00e4st\u00e4.<br \/>\nNikkelit\u00f6n.<\/p>","protected":false},"excerpt":{"rendered":"<p>Saatavilla hopeoiduilla tai kullatuilla koukuilla. Alla koruter\u00e4st\u00e4. Nikkelit\u00f6n.<\/p>","protected":false},"featured_media":7963,"comment_status":"open","ping_status":"closed","template":"","meta":{"inline_featured_image":false,"site-sidebar-layout":"default","site-content-layout":"","ast-site-content-layout":"default","site-content-style":"default","site-sidebar-style":"default","ast-global-header-display":"","ast-banner-title-visibility":"","ast-main-header-display":"","ast-hfb-above-header-display":"","ast-hfb-below-header-display":"","ast-hfb-mobile-header-display":"","site-post-title":"","ast-breadcrumbs-content":"","ast-featured-img":"","footer-sml-layout":"","ast-disable-related-posts":"","theme-transparent-header-meta":"default","adv-header-id-meta":"","stick-header-meta":"","header-above-stick-meta":"","header-main-stick-meta":"","header-below-stick-meta":"","astra-migrate-meta-layouts":"set","ast-page-background-enabled":"default","ast-page-background-meta":{"desktop":{"background-color":"","background-image":"","background-repeat":"repeat","background-position":"center center","background-size":"auto","background-attachment":"scroll","background-type":"","background-media":"","overlay-type":"","overlay-color":"","overlay-opacity":"","overlay-gradient":""},"tablet":{"background-color":"","background-image":"","background-repeat":"repeat","background-position":"center center","background-size":"auto","background-attachment":"scroll","background-type":"","background-media":"","overlay-type":"","overlay-color":"","overlay-opacity":"","overlay-gradient":""},"mobile":{"background-color":"","background-image":"","background-repeat":"repeat","background-position":"center center","background-size":"auto","background-attachment":"scroll","background-type":"","background-media":"","overlay-type":"","overlay-color":"","overlay-opacity":"","overlay-gradient":""}},"ast-content-background-meta":{"desktop":{"background-color":"var(--ast-global-color-5)","background-image":"","background-repeat":"repeat","background-position":"center center","background-size":"auto","background-attachment":"scroll","background-type":"","background-media":"","overlay-type":"","overlay-color":"","overlay-opacity":"","overlay-gradient":""},"tablet":{"background-color":"var(--ast-global-color-5)","background-image":"","background-repeat":"repeat","background-position":"center center","background-size":"auto","background-attachment":"scroll","background-type":"","background-media":"","overlay-type":"","overlay-color":"","overlay-opacity":"","overlay-gradient":""},"mobile":{"background-color":"var(--ast-global-color-5)","background-image":"","background-repeat":"repeat","background-position":"center center","background-size":"auto","background-attachment":"scroll","background-type":"","background-media":"","overlay-type":"","overlay-color":"","overlay-opacity":"","overlay-gradient":""}}},"product_brand":[],"product_cat":[51],"product_tag":[],"class_list":{"0":"post-10477","1":"product","2":"type-product","3":"status-publish","4":"has-post-thumbnail","6":"product_cat-yleinen","7":"desktop-align-left","8":"tablet-align-left","9":"mobile-align-left","11":"first","12":"instock","13":"shipping-taxable","14":"purchasable","15":"product-type-simple"},"yoast_head":"<!-- This site is optimized with the Yoast SEO plugin v27.4 - https:\/\/yoast.com\/product\/yoast-seo-wordpress\/ -->\n<title>Helmi korvakorut - VILMA J\u00c4\u00c4<\/title>\n<meta name=\"robots\" content=\"index, follow, max-snippet:-1, max-image-preview:large, max-video-preview:-1\" \/>\n<link rel=\"canonical\" href=\"https:\/\/vilmajaa.fi\/en\/product\/helmi-korvakorut\/\" \/>\n<meta property=\"og:locale\" content=\"en_US\" \/>\n<meta property=\"og:type\" content=\"article\" \/>\n<meta property=\"og:title\" content=\"Helmi korvakorut - VILMA J\u00c4\u00c4\" \/>\n<meta property=\"og:description\" content=\"Saatavilla hopeoiduilla tai kullatuilla koukuilla. Alla koruter\u00e4st\u00e4. Nikkelit\u00f6n.\" \/>\n<meta property=\"og:url\" content=\"https:\/\/vilmajaa.fi\/en\/product\/helmi-korvakorut\/\" \/>\n<meta property=\"og:site_name\" content=\"VILMA J\u00c4\u00c4\" \/>\n<meta property=\"article:modified_time\" content=\"2025-05-07T11:26:40+00:00\" \/>\n<meta property=\"og:image\" content=\"https:\/\/vilmajaa.fi\/wp-content\/uploads\/2024\/03\/IMG_9386-1.jpg\" \/>\n\t<meta property=\"og:image:width\" content=\"1536\" \/>\n\t<meta property=\"og:image:height\" content=\"2048\" \/>\n\t<meta property=\"og:image:type\" content=\"image\/jpeg\" \/>\n<meta name=\"twitter:card\" content=\"summary_large_image\" \/>\n<meta name=\"twitter:label1\" content=\"Est. reading time\" \/>\n\t<meta name=\"twitter:data1\" content=\"1 minute\" \/>\n<script type=\"application\/ld+json\" class=\"yoast-schema-graph\">{\"@context\":\"https:\\\/\\\/schema.org\",\"@graph\":[{\"@type\":\"WebPage\",\"@id\":\"https:\\\/\\\/vilmajaa.fi\\\/tuote\\\/helmi-korvakorut\\\/\",\"url\":\"https:\\\/\\\/vilmajaa.fi\\\/tuote\\\/helmi-korvakorut\\\/\",\"name\":\"Helmi korvakorut - VILMA J\u00c4\u00c4\",\"isPartOf\":{\"@id\":\"https:\\\/\\\/vilmajaa.fi\\\/#website\"},\"primaryImageOfPage\":{\"@id\":\"https:\\\/\\\/vilmajaa.fi\\\/tuote\\\/helmi-korvakorut\\\/#primaryimage\"},\"image\":{\"@id\":\"https:\\\/\\\/vilmajaa.fi\\\/tuote\\\/helmi-korvakorut\\\/#primaryimage\"},\"thumbnailUrl\":\"https:\\\/\\\/vilmajaa.fi\\\/wp-content\\\/uploads\\\/2024\\\/03\\\/IMG_9386-1.webp\",\"datePublished\":\"2025-05-07T11:02:08+00:00\",\"dateModified\":\"2025-05-07T11:26:40+00:00\",\"breadcrumb\":{\"@id\":\"https:\\\/\\\/vilmajaa.fi\\\/tuote\\\/helmi-korvakorut\\\/#breadcrumb\"},\"inLanguage\":\"en-CA\",\"potentialAction\":[{\"@type\":\"ReadAction\",\"target\":[\"https:\\\/\\\/vilmajaa.fi\\\/tuote\\\/helmi-korvakorut\\\/\"]}]},{\"@type\":\"ImageObject\",\"inLanguage\":\"en-CA\",\"@id\":\"https:\\\/\\\/vilmajaa.fi\\\/tuote\\\/helmi-korvakorut\\\/#primaryimage\",\"url\":\"https:\\\/\\\/vilmajaa.fi\\\/wp-content\\\/uploads\\\/2024\\\/03\\\/IMG_9386-1.webp\",\"contentUrl\":\"https:\\\/\\\/vilmajaa.fi\\\/wp-content\\\/uploads\\\/2024\\\/03\\\/IMG_9386-1.webp\",\"width\":1440,\"height\":1920},{\"@type\":\"BreadcrumbList\",\"@id\":\"https:\\\/\\\/vilmajaa.fi\\\/tuote\\\/helmi-korvakorut\\\/#breadcrumb\",\"itemListElement\":[{\"@type\":\"ListItem\",\"position\":1,\"name\":\"Home\",\"item\":\"https:\\\/\\\/vilmajaa.fi\\\/\"},{\"@type\":\"ListItem\",\"position\":2,\"name\":\"Helmi korvakorut\"}]},{\"@type\":\"WebSite\",\"@id\":\"https:\\\/\\\/vilmajaa.fi\\\/#website\",\"url\":\"https:\\\/\\\/vilmajaa.fi\\\/\",\"name\":\"VILMA J\u00c4\u00c4\",\"description\":\"Musician and Composer\",\"publisher\":{\"@id\":\"https:\\\/\\\/vilmajaa.fi\\\/#organization\"},\"potentialAction\":[{\"@type\":\"SearchAction\",\"target\":{\"@type\":\"EntryPoint\",\"urlTemplate\":\"https:\\\/\\\/vilmajaa.fi\\\/?s={search_term_string}\"},\"query-input\":{\"@type\":\"PropertyValueSpecification\",\"valueRequired\":true,\"valueName\":\"search_term_string\"}}],\"inLanguage\":\"en-CA\"},{\"@type\":\"Organization\",\"@id\":\"https:\\\/\\\/vilmajaa.fi\\\/#organization\",\"name\":\"VILMA J\u00c4\u00c4\",\"url\":\"https:\\\/\\\/vilmajaa.fi\\\/\",\"logo\":{\"@type\":\"ImageObject\",\"inLanguage\":\"en-CA\",\"@id\":\"https:\\\/\\\/vilmajaa.fi\\\/#\\\/schema\\\/logo\\\/image\\\/\",\"url\":\"https:\\\/\\\/vilmajaa.fi\\\/wp-content\\\/uploads\\\/2020\\\/11\\\/Mun-logo-nettisivuille-1.webp\",\"contentUrl\":\"https:\\\/\\\/vilmajaa.fi\\\/wp-content\\\/uploads\\\/2020\\\/11\\\/Mun-logo-nettisivuille-1.webp\",\"width\":313,\"height\":313,\"caption\":\"VILMA J\u00c4\u00c4\"},\"image\":{\"@id\":\"https:\\\/\\\/vilmajaa.fi\\\/#\\\/schema\\\/logo\\\/image\\\/\"}}]}<\/script>\n<!-- \/ Yoast SEO plugin. -->","yoast_head_json":{"title":"Helmi korvakorut - VILMA J\u00c4\u00c4","robots":{"index":"index","follow":"follow","max-snippet":"max-snippet:-1","max-image-preview":"max-image-preview:large","max-video-preview":"max-video-preview:-1"},"canonical":"https:\/\/vilmajaa.fi\/en\/product\/helmi-korvakorut\/","og_locale":"en_US","og_type":"article","og_title":"Helmi korvakorut - VILMA J\u00c4\u00c4","og_description":"Saatavilla hopeoiduilla tai kullatuilla koukuilla. Alla koruter\u00e4st\u00e4. Nikkelit\u00f6n.","og_url":"https:\/\/vilmajaa.fi\/en\/product\/helmi-korvakorut\/","og_site_name":"VILMA J\u00c4\u00c4","article_modified_time":"2025-05-07T11:26:40+00:00","og_image":[{"width":1536,"height":2048,"url":"https:\/\/vilmajaa.fi\/wp-content\/uploads\/2024\/03\/IMG_9386-1.jpg","type":"image\/jpeg"}],"twitter_card":"summary_large_image","twitter_misc":{"Est. reading time":"1 minute"},"schema":{"@context":"https:\/\/schema.org","@graph":[{"@type":"WebPage","@id":"https:\/\/vilmajaa.fi\/tuote\/helmi-korvakorut\/","url":"https:\/\/vilmajaa.fi\/tuote\/helmi-korvakorut\/","name":"Helmi korvakorut - VILMA J\u00c4\u00c4","isPartOf":{"@id":"https:\/\/vilmajaa.fi\/#website"},"primaryImageOfPage":{"@id":"https:\/\/vilmajaa.fi\/tuote\/helmi-korvakorut\/#primaryimage"},"image":{"@id":"https:\/\/vilmajaa.fi\/tuote\/helmi-korvakorut\/#primaryimage"},"thumbnailUrl":"https:\/\/vilmajaa.fi\/wp-content\/uploads\/2024\/03\/IMG_9386-1.webp","datePublished":"2025-05-07T11:02:08+00:00","dateModified":"2025-05-07T11:26:40+00:00","breadcrumb":{"@id":"https:\/\/vilmajaa.fi\/tuote\/helmi-korvakorut\/#breadcrumb"},"inLanguage":"en-CA","potentialAction":[{"@type":"ReadAction","target":["https:\/\/vilmajaa.fi\/tuote\/helmi-korvakorut\/"]}]},{"@type":"ImageObject","inLanguage":"en-CA","@id":"https:\/\/vilmajaa.fi\/tuote\/helmi-korvakorut\/#primaryimage","url":"https:\/\/vilmajaa.fi\/wp-content\/uploads\/2024\/03\/IMG_9386-1.webp","contentUrl":"https:\/\/vilmajaa.fi\/wp-content\/uploads\/2024\/03\/IMG_9386-1.webp","width":1440,"height":1920},{"@type":"BreadcrumbList","@id":"https:\/\/vilmajaa.fi\/tuote\/helmi-korvakorut\/#breadcrumb","itemListElement":[{"@type":"ListItem","position":1,"name":"Home","item":"https:\/\/vilmajaa.fi\/"},{"@type":"ListItem","position":2,"name":"Helmi korvakorut"}]},{"@type":"WebSite","@id":"https:\/\/vilmajaa.fi\/#website","url":"https:\/\/vilmajaa.fi\/","name":"VILMA J\u00c4\u00c4","description":"Musician and Composer","publisher":{"@id":"https:\/\/vilmajaa.fi\/#organization"},"potentialAction":[{"@type":"SearchAction","target":{"@type":"EntryPoint","urlTemplate":"https:\/\/vilmajaa.fi\/?s={search_term_string}"},"query-input":{"@type":"PropertyValueSpecification","valueRequired":true,"valueName":"search_term_string"}}],"inLanguage":"en-CA"},{"@type":"Organization","@id":"https:\/\/vilmajaa.fi\/#organization","name":"VILMA J\u00c4\u00c4","url":"https:\/\/vilmajaa.fi\/","logo":{"@type":"ImageObject","inLanguage":"en-CA","@id":"https:\/\/vilmajaa.fi\/#\/schema\/logo\/image\/","url":"https:\/\/vilmajaa.fi\/wp-content\/uploads\/2020\/11\/Mun-logo-nettisivuille-1.webp","contentUrl":"https:\/\/vilmajaa.fi\/wp-content\/uploads\/2020\/11\/Mun-logo-nettisivuille-1.webp","width":313,"height":313,"caption":"VILMA J\u00c4\u00c4"},"image":{"@id":"https:\/\/vilmajaa.fi\/#\/schema\/logo\/image\/"}}]}},"_links":{"self":[{"href":"https:\/\/vilmajaa.fi\/en\/wp-json\/wp\/v2\/product\/10477","targetHints":{"allow":["GET"]}}],"collection":[{"href":"https:\/\/vilmajaa.fi\/en\/wp-json\/wp\/v2\/product"}],"about":[{"href":"https:\/\/vilmajaa.fi\/en\/wp-json\/wp\/v2\/types\/product"}],"replies":[{"embeddable":true,"href":"https:\/\/vilmajaa.fi\/en\/wp-json\/wp\/v2\/comments?post=10477"}],"wp:featuredmedia":[{"embeddable":true,"href":"https:\/\/vilmajaa.fi\/en\/wp-json\/wp\/v2\/media\/7963"}],"wp:attachment":[{"href":"https:\/\/vilmajaa.fi\/en\/wp-json\/wp\/v2\/media?parent=10477"}],"wp:term":[{"taxonomy":"product_brand","embeddable":true,"href":"https:\/\/vilmajaa.fi\/en\/wp-json\/wp\/v2\/product_brand?post=10477"},{"taxonomy":"product_cat","embeddable":true,"href":"https:\/\/vilmajaa.fi\/en\/wp-json\/wp\/v2\/product_cat?post=10477"},{"taxonomy":"product_tag","embeddable":true,"href":"https:\/\/vilmajaa.fi\/en\/wp-json\/wp\/v2\/product_tag?post=10477"}],"curies":[{"name":"wp","href":"https:\/\/api.w.org\/{rel}","templated":true}]}}